{"id":10,"date":"2024-07-22T07:24:46","date_gmt":"2024-07-22T05:24:46","guid":{"rendered":"https:\/\/www.leuag.ch\/?page_id=10"},"modified":"2026-01-08T09:59:49","modified_gmt":"2026-01-08T08:59:49","slug":"ueber-uns","status":"publish","type":"page","link":"https:\/\/www.leuag.ch\/fr\/ueber-uns\/","title":{"rendered":"Leuag SA"},"content":{"rendered":"<h2 class=\"wp-block-heading alignwide\">Profil de l\u2019entreprise<\/h2>\n\n\n\n<div class=\"wp-block-columns alignwide is-layout-flex wp-container-core-columns-is-layout-9d6595d7 wp-block-columns-is-layout-flex\">\n<div class=\"wp-block-column is-layout-flow wp-block-column-is-layout-flow\">\n\n\n\n\n\n\n\n\n\n\n\n\n\n\n\n\n<p>La soci\u00e9t\u00e9 Leuag SA est active dans le domaine de la technique m\u00e9dicale. L\u2019entreprise commerciale et de services emploie plus de 40 collaborateurs. Il s\u2019agit d\u2019une soci\u00e9t\u00e9 exclusivement suisse. La majorit\u00e9 du capital-actions est d\u00e9tenue par des cadres dirigeants.<\/p>\n\n\n\n<p>Leuag a \u00e9t\u00e9 fond\u00e9e le 1er avril 1984 par Peter Leu. Hier comme aujourd\u2019hui, son objectif consiste \u00e0 distribuer sur le march\u00e9 suisse des produits de haute qualit\u00e9 pour la m\u00e9decine et la science, et d\u2019en garantir la disponibilit\u00e9 ainsi que la p\u00e9rennit\u00e9 gr\u00e2ce \u00e0 une organisation de services comp\u00e9tente et efficace.<\/p>\n\n\n\n<p>Le premier si\u00e8ge social se trouvait \u00e0 Mettmenstetten (ZH). En 1989, l\u2019entreprise a d\u00e9m\u00e9nag\u00e9 \u00e0 Lucerne, rue St. Karlistrasse. De 1997 \u00e0 2008, elle \u00e9tait bas\u00e9e \u00e0 Stans (NW). Depuis le 1er avril 2008, le si\u00e8ge se situe \u00e0 la Industriestrasse \u00e0 Alpnach Dorf (OW). Une succursale pour la Suisse romande se trouve \u00e0 Chexbres (VD).<\/p>\n\n\n\n<p>Dans le cadre du premier Management Buy Out en l\u2018an 2000, Paul R\u00fcst, Walter Ettlin et Hans Frei ont acquis la majorit\u00e9 des actions de Leuag SA du fondateur Peter Leu.<br>Au d\u00e9but de 2018, les cadres dirigeants Gregor Baggio, Gianni Pirali, Sandra Frey et Hansj\u00f6rg Aeberhard ont repris la majorit\u00e9 des actions de Walter Ettlin lors d\u2019un second Management Buy Out.<br>Conform\u00e9ment \u00e0 la philosophie de l\u2019entreprise, Gregor Baggio et son \u00e9quipe MBO dirigent aujourd\u2019hui la soci\u00e9t\u00e9 avec l\u2019intention de rester une entreprise ind\u00e9pendante, autonome, de taille moyenne et surtout flexible, orient\u00e9e vers les besoins des clients.<br>Actuellement, les principales marques repr\u00e9sent\u00e9es sont Canon (radiographie digitale), Ziehm (arceaux chirurgicaux mobiles) et Nihon Kohden (syst\u00e8mes de surveillance patient).<\/p>\n\n\n\n<p>L\u2019entreprise, certifi\u00e9e ISO 9001 depuis 1996, comprend une client\u00e8le compos\u00e9e d\u2019h\u00f4pitaux et cliniques universitaires, h\u00f4pitaux publics et institutions priv\u00e9es situ\u00e9s dans toutes les r\u00e9gions linguistiques de la Suisse.<br>Les <strong>produits<\/strong> de Leuag SA sont utilis\u00e9s quotidiennement dans les services de radiologie et de cardiologie, en unit\u00e9s de soins intensifs ainsi que dans les salles d\u2019op\u00e9ration sur tout le territoire suisse.<\/p>\n\n\n\n<p>Outre les biens d\u2019investissements, Leuag SA commercialise \u00e9galement un nombre croissant <strong>d\u2019accessoires et de consommables<\/strong> ainsi que des petits appareils pour les besoins sp\u00e9cifiques des clients.<\/p>\n\n\n\n<p>En tant que sp\u00e9cialiste de la technique m\u00e9dicale, le d\u00e9partement<strong> Service<\/strong> de Leuag SA est votre premier interlocuteur et \u00e0 ce titre, il tient \u00e0 garantir un service \u00e0 la hauteur de vos exigences en mati\u00e8re de planification, d\u2019installation et de mise en service des \u00e9quipements et appareils achet\u00e9s.<br>De m\u00eame, toutes les r\u00e9parations et op\u00e9rations de maintenance pendant la dur\u00e9e de vie des installations et des appareils sont assur\u00e9es par notre service.<\/p>\n<\/div>\n<\/div>\n\n\n\n<div style=\"height:10px\" aria-hidden=\"true\" class=\"wp-block-spacer\"><\/div>\n\n\n\n<h2 class=\"wp-block-heading alignwide\">Ligne directrice<\/h2>\n\n\n\n<div class=\"wp-block-columns alignwide is-layout-flex wp-container-core-columns-is-layout-9d6595d7 wp-block-columns-is-layout-flex\">\n<div class=\"wp-block-column has-light-blue-background-color has-background is-layout-flow wp-block-column-is-layout-flow\">\n<ul class=\"wp-block-list\">\n<li>Vendre sur le march\u00e9 suisse des produits de haute qualit\u00e9, de fabricants de renomm\u00e9e internationale, dans un champ d\u2019application restreint<\/li>\n\n\n\n<li>Instaurer et conserver avec ses clients des relations ax\u00e9es sur le long terme et la continuit\u00e9 par une activit\u00e9 de conseil fond\u00e9e et responsable<\/li>\n\n\n\n<li>Assurer par un service comp\u00e9tent, une disponibilit\u00e9 \u00e9lev\u00e9e et une conservation optimale de la valeur des produits vendus<\/li>\n<\/ul>\n\n\n\n<p><a href=\"https:\/\/www.leuag.ch\/wp-content\/uploads\/2024\/10\/Imagebroschuere_210x220_d_0920_low3.pdf\" target=\"_blank\" rel=\"noreferrer noopener\">Brochure de pr\u00e9sentation<\/a><\/p>\n<\/div>\n<\/div>\n\n\n\n<div style=\"height:50px\" aria-hidden=\"true\" class=\"wp-block-spacer\"><\/div>\n\n\n\n<h1 class=\"wp-block-heading alignwide\">\u2192<\/h1>\n\n\n\n<div class=\"wp-block-columns alignwide is-layout-flex wp-container-core-columns-is-layout-9d6595d7 wp-block-columns-is-layout-flex\">\n<div class=\"wp-block-column is-layout-flow wp-block-column-is-layout-flow\" style=\"flex-basis:280px\">\n<div class=\"wp-block-buttons is-layout-flex wp-block-buttons-is-layout-flex\">\n<div class=\"wp-block-button has-custom-width wp-block-button__width-100 is-style-fill\"><a class=\"wp-block-button__link has-white-transparent-color has-red-background-color has-text-color has-background has-link-color has-medium-font-size has-custom-font-size wp-element-button\" href=\"https:\/\/www.leuag.ch\/fr\/ueber-uns\/standorte\/\" style=\"border-radius:0px\">Contact<\/a><\/div>\n<\/div>\n<\/div>\n\n\n\n<div class=\"wp-block-column is-layout-flow wp-block-column-is-layout-flow\" style=\"flex-basis:280px\">\n<div class=\"wp-block-buttons is-layout-flex wp-block-buttons-is-layout-flex\">\n<div class=\"wp-block-button has-custom-width wp-block-button__width-100 is-style-fill\"><a class=\"wp-block-button__link has-white-transparent-color has-red-background-color has-text-color has-background has-link-color has-medium-font-size has-custom-font-size wp-element-button\" href=\"https:\/\/www.leuag.ch\/fr\/ueber-uns\/team\/\" style=\"border-radius:0px\">\u00c9quipe<\/a><\/div>\n<\/div>\n<\/div>\n\n\n\n<div class=\"wp-block-column is-layout-flow wp-block-column-is-layout-flow\" style=\"flex-basis:280px\">\n<div class=\"wp-block-buttons is-layout-flex wp-block-buttons-is-layout-flex\">\n<div class=\"wp-block-button has-custom-width wp-block-button__width-100 is-style-fill\"><a class=\"wp-block-button__link has-white-transparent-color has-red-background-color has-text-color has-background has-link-color has-medium-font-size has-custom-font-size wp-element-button\" href=\"https:\/\/www.leuag.ch\/fr\/ueber-uns\/partner\/\" style=\"border-radius:0px\">Partenaire<\/a><\/div>\n<\/div>\n<\/div>\n\n\n\n<div class=\"wp-block-column is-layout-flow wp-block-column-is-layout-flow\" style=\"flex-basis:280px\">\n<div class=\"wp-block-buttons is-layout-flex wp-block-buttons-is-layout-flex\">\n<div class=\"wp-block-button has-custom-width wp-block-button__width-100 is-style-fill\"><a class=\"wp-block-button__link has-white-transparent-color has-red-background-color has-text-color has-background has-link-color has-medium-font-size has-custom-font-size wp-element-button\" href=\"https:\/\/www.leuag.ch\/fr\/ueber-uns\/living-leuag\/\" style=\"border-radius:0px\">Living Leuag<\/a><\/div>\n<\/div>\n<\/div>\n<\/div>\n\n\n\n<div style=\"height:100px\" aria-hidden=\"true\" class=\"wp-block-spacer\"><\/div>","protected":false},"excerpt":{"rendered":"<p>Firmenprofil La soci\u00e9t\u00e9 Leuag SA est active dans le domaine de la technique m\u00e9dicale. L\u2019entreprise commerciale et de services emploie plus de 40 collaborateurs. Il s\u2019agit d\u2019une soci\u00e9t\u00e9 exclusivement suisse. La majorit\u00e9 du capital-actions est d\u00e9tenue par des cadres dirigeants. Leuag a \u00e9t\u00e9 fond\u00e9e le 1er avril 1984 par Peter Leu. Hier comme aujourd\u2019hui, son [&hellip;]<\/p>","protected":false},"author":1,"featured_media":0,"parent":0,"menu_order":0,"comment_status":"closed","ping_status":"closed","template":"","meta":{"inline_featured_image":false,"footnotes":""},"class_list":["post-10","page","type-page","status-publish","hentry"],"yoast_head":"<!-- This site is optimized with the Yoast SEO plugin v26.6 - https:\/\/yoast.com\/wordpress\/plugins\/seo\/ -->\n<title>\u00dcber uns - Leuag AG<\/title>\n<meta name=\"robots\" content=\"index, follow, max-snippet:-1, max-image-preview:large, max-video-preview:-1\" \/>\n<link rel=\"canonical\" href=\"https:\/\/www.leuag.ch\/fr\/ueber-uns\/\" \/>\n<meta property=\"og:locale\" content=\"fr_FR\" \/>\n<meta property=\"og:type\" content=\"article\" \/>\n<meta property=\"og:title\" content=\"\u00dcber uns - Leuag AG\" \/>\n<meta property=\"og:description\" content=\"Firmenprofil La soci\u00e9t\u00e9 Leuag SA est active dans le domaine de la technique m\u00e9dicale. L\u2019entreprise commerciale et de services emploie plus de 40 collaborateurs. Il s\u2019agit d\u2019une soci\u00e9t\u00e9 exclusivement suisse. La majorit\u00e9 du capital-actions est d\u00e9tenue par des cadres dirigeants. Leuag a \u00e9t\u00e9 fond\u00e9e le 1er avril 1984 par Peter Leu. Hier comme aujourd\u2019hui, son [&hellip;]\" \/>\n<meta property=\"og:url\" content=\"https:\/\/www.leuag.ch\/fr\/ueber-uns\/\" \/>\n<meta property=\"og:site_name\" content=\"Leuag AG\" \/>\n<meta property=\"article:modified_time\" content=\"2026-01-08T08:59:49+00:00\" \/>\n<meta name=\"twitter:card\" content=\"summary_large_image\" \/>\n<meta name=\"twitter:label1\" content=\"Dur\u00e9e de lecture estim\u00e9e\" \/>\n\t<meta name=\"twitter:data1\" content=\"5 minutes\" \/>\n<script type=\"application\/ld+json\" class=\"yoast-schema-graph\">{\"@context\":\"https:\/\/schema.org\",\"@graph\":[{\"@type\":\"WebPage\",\"@id\":\"https:\/\/www.leuag.ch\/ueber-uns\/\",\"url\":\"https:\/\/www.leuag.ch\/ueber-uns\/\",\"name\":\"\u00dcber uns - Leuag AG\",\"isPartOf\":{\"@id\":\"https:\/\/www.leuag.ch\/#website\"},\"datePublished\":\"2024-07-22T05:24:46+00:00\",\"dateModified\":\"2026-01-08T08:59:49+00:00\",\"breadcrumb\":{\"@id\":\"https:\/\/www.leuag.ch\/ueber-uns\/#breadcrumb\"},\"inLanguage\":\"fr-FR\",\"potentialAction\":[{\"@type\":\"ReadAction\",\"target\":[\"https:\/\/www.leuag.ch\/ueber-uns\/\"]}]},{\"@type\":\"BreadcrumbList\",\"@id\":\"https:\/\/www.leuag.ch\/ueber-uns\/#breadcrumb\",\"itemListElement\":[{\"@type\":\"ListItem\",\"position\":1,\"name\":\"Leuag\",\"item\":\"https:\/\/www.leuag.ch\/\"},{\"@type\":\"ListItem\",\"position\":2,\"name\":\"\u00dcber uns\"}]},{\"@type\":\"WebSite\",\"@id\":\"https:\/\/www.leuag.ch\/#website\",\"url\":\"https:\/\/www.leuag.ch\/\",\"name\":\"Leuag AG\",\"description\":\"\",\"publisher\":{\"@id\":\"https:\/\/www.leuag.ch\/#organization\"},\"potentialAction\":[{\"@type\":\"SearchAction\",\"target\":{\"@type\":\"EntryPoint\",\"urlTemplate\":\"https:\/\/www.leuag.ch\/?s={search_term_string}\"},\"query-input\":{\"@type\":\"PropertyValueSpecification\",\"valueRequired\":true,\"valueName\":\"search_term_string\"}}],\"inLanguage\":\"fr-FR\"},{\"@type\":\"Organization\",\"@id\":\"https:\/\/www.leuag.ch\/#organization\",\"name\":\"Leuag AG\",\"url\":\"https:\/\/www.leuag.ch\/\",\"logo\":{\"@type\":\"ImageObject\",\"inLanguage\":\"fr-FR\",\"@id\":\"https:\/\/www.leuag.ch\/#\/schema\/logo\/image\/\",\"url\":\"https:\/\/www.leuag.ch\/wp-content\/uploads\/2025\/06\/leuag-logo.svg\",\"contentUrl\":\"https:\/\/www.leuag.ch\/wp-content\/uploads\/2025\/06\/leuag-logo.svg\",\"width\":565,\"height\":272,\"caption\":\"Leuag AG\"},\"image\":{\"@id\":\"https:\/\/www.leuag.ch\/#\/schema\/logo\/image\/\"}}]}<\/script>\n<!-- \/ Yoast SEO plugin. -->","yoast_head_json":{"title":"Leuag SA","robots":{"index":"index","follow":"follow","max-snippet":"max-snippet:-1","max-image-preview":"max-image-preview:large","max-video-preview":"max-video-preview:-1"},"canonical":"https:\/\/www.leuag.ch\/fr\/ueber-uns\/","og_locale":"fr_FR","og_type":"article","og_title":"\u00dcber uns - Leuag AG","og_description":"Firmenprofil La soci\u00e9t\u00e9 Leuag SA est active dans le domaine de la technique m\u00e9dicale. L\u2019entreprise commerciale et de services emploie plus de 40 collaborateurs. Il s\u2019agit d\u2019une soci\u00e9t\u00e9 exclusivement suisse. La majorit\u00e9 du capital-actions est d\u00e9tenue par des cadres dirigeants. Leuag a \u00e9t\u00e9 fond\u00e9e le 1er avril 1984 par Peter Leu. Hier comme aujourd\u2019hui, son [&hellip;]","og_url":"https:\/\/www.leuag.ch\/fr\/ueber-uns\/","og_site_name":"Leuag AG","article_modified_time":"2026-01-08T08:59:49+00:00","twitter_card":"summary_large_image","twitter_misc":{"Dur\u00e9e de lecture estim\u00e9e":"5 minutes"},"schema":{"@context":"https:\/\/schema.org","@graph":[{"@type":"WebPage","@id":"https:\/\/www.leuag.ch\/ueber-uns\/","url":"https:\/\/www.leuag.ch\/ueber-uns\/","name":"Leuag SA","isPartOf":{"@id":"https:\/\/www.leuag.ch\/#website"},"datePublished":"2024-07-22T05:24:46+00:00","dateModified":"2026-01-08T08:59:49+00:00","breadcrumb":{"@id":"https:\/\/www.leuag.ch\/ueber-uns\/#breadcrumb"},"inLanguage":"fr-FR","potentialAction":[{"@type":"ReadAction","target":["https:\/\/www.leuag.ch\/ueber-uns\/"]}]},{"@type":"BreadcrumbList","@id":"https:\/\/www.leuag.ch\/ueber-uns\/#breadcrumb","itemListElement":[{"@type":"ListItem","position":1,"name":"Leuag","item":"https:\/\/www.leuag.ch\/"},{"@type":"ListItem","position":2,"name":"\u00dcber uns"}]},{"@type":"WebSite","@id":"https:\/\/www.leuag.ch\/#website","url":"https:\/\/www.leuag.ch\/","name":"Leuag SA","description":"","publisher":{"@id":"https:\/\/www.leuag.ch\/#organization"},"potentialAction":[{"@type":"SearchAction","target":{"@type":"EntryPoint","urlTemplate":"https:\/\/www.leuag.ch\/?s={search_term_string}"},"query-input":{"@type":"PropertyValueSpecification","valueRequired":true,"valueName":"search_term_string"}}],"inLanguage":"fr-FR"},{"@type":"Organization","@id":"https:\/\/www.leuag.ch\/#organization","name":"Leuag SA","url":"https:\/\/www.leuag.ch\/","logo":{"@type":"ImageObject","inLanguage":"fr-FR","@id":"https:\/\/www.leuag.ch\/#\/schema\/logo\/image\/","url":"https:\/\/www.leuag.ch\/wp-content\/uploads\/2025\/06\/leuag-logo.svg","contentUrl":"https:\/\/www.leuag.ch\/wp-content\/uploads\/2025\/06\/leuag-logo.svg","width":565,"height":272,"caption":"Leuag AG"},"image":{"@id":"https:\/\/www.leuag.ch\/#\/schema\/logo\/image\/"}}]}},"_links":{"self":[{"href":"https:\/\/www.leuag.ch\/fr\/wp-json\/wp\/v2\/pages\/10","targetHints":{"allow":["GET"]}}],"collection":[{"href":"https:\/\/www.leuag.ch\/fr\/wp-json\/wp\/v2\/pages"}],"about":[{"href":"https:\/\/www.leuag.ch\/fr\/wp-json\/wp\/v2\/types\/page"}],"author":[{"embeddable":true,"href":"https:\/\/www.leuag.ch\/fr\/wp-json\/wp\/v2\/users\/1"}],"replies":[{"embeddable":true,"href":"https:\/\/www.leuag.ch\/fr\/wp-json\/wp\/v2\/comments?post=10"}],"version-history":[{"count":26,"href":"https:\/\/www.leuag.ch\/fr\/wp-json\/wp\/v2\/pages\/10\/revisions"}],"predecessor-version":[{"id":2801,"href":"https:\/\/www.leuag.ch\/fr\/wp-json\/wp\/v2\/pages\/10\/revisions\/2801"}],"wp:attachment":[{"href":"https:\/\/www.leuag.ch\/fr\/wp-json\/wp\/v2\/media?parent=10"}],"curies":[{"name":"wp","href":"https:\/\/api.w.org\/{rel}","templated":true}]}}