{"id":29,"date":"2024-07-30T13:06:11","date_gmt":"2024-07-30T11:06:11","guid":{"rendered":"https:\/\/www.leuag.ch\/?page_id=29"},"modified":"2026-02-25T08:50:20","modified_gmt":"2026-02-25T07:50:20","slug":"produkte","status":"publish","type":"page","link":"https:\/\/www.leuag.ch\/fr\/produkte\/","title":{"rendered":"Produits"},"content":{"rendered":"<div class=\"wp-block-columns alignwide is-layout-flex wp-container-core-columns-is-layout-9d6595d7 wp-block-columns-is-layout-flex\">\n<div class=\"wp-block-column is-layout-flow wp-block-column-is-layout-flow\">\n<p>Dans les domaines de la radiologie, de la chirurgie, de la cardiologie et de la surveillance des patients, nous proposons des produits qui comptent parmi les meilleurs dans leurs domaines respectifs. Un entretien-conseil sans engagement peut \u00eatre le d\u00e9but d'un partenariat. Nous vous assistons dans les domaines suivants : solutions, types d'appareils, utilisation et fonctions, mise \u00e0 niveau ou remplacement d'appareils, rentabilit\u00e9, s\u00e9curit\u00e9 et protection, ainsi que \u00ab Business Review \u00bb personnalis\u00e9e.<\/p>\n<\/div>\n<\/div>\n\n\n\n<h1 class=\"wp-block-heading alignwide\">\u2192<\/h1>\n\n\n\n<div class=\"wp-block-columns alignwide is-layout-flex wp-container-core-columns-is-layout-9d6595d7 wp-block-columns-is-layout-flex\">\n<div class=\"wp-block-column is-layout-flow wp-block-column-is-layout-flow\">\n<div class=\"wp-block-buttons is-layout-flex wp-block-buttons-is-layout-flex\">\n<div class=\"wp-block-button has-custom-width wp-block-button__width-100 is-style-fill\"><a class=\"wp-block-button__link has-white-transparent-color has-red-background-color has-text-color has-background has-link-color has-medium-font-size has-custom-font-size wp-element-button\" href=\"https:\/\/www.leuag.ch\/fr\/produkte-kategorie\/radiologie\/\" style=\"border-radius:0px\">Radiologie<\/a><\/div>\n<\/div>\n<\/div>\n\n\n\n<div class=\"wp-block-column is-layout-flow wp-block-column-is-layout-flow\">\n<div class=\"wp-block-buttons is-layout-flex wp-block-buttons-is-layout-flex\">\n<div class=\"wp-block-button has-custom-width wp-block-button__width-100 is-style-fill\"><a class=\"wp-block-button__link has-white-transparent-color has-red-background-color has-text-color has-background has-link-color has-medium-font-size has-custom-font-size wp-element-button\" href=\"https:\/\/www.leuag.ch\/fr\/produkte-kategorie\/arceaux-churgicaux-mobiles-apercu\/\" style=\"border-radius:0px\">Arceaux churgicaux mobiles<\/a><\/div>\n<\/div>\n<\/div>\n\n\n\n<div class=\"wp-block-column is-layout-flow wp-block-column-is-layout-flow\">\n<div class=\"wp-block-buttons is-layout-flex wp-block-buttons-is-layout-flex\">\n<div class=\"wp-block-button has-custom-width wp-block-button__width-100 is-style-fill\"><a class=\"wp-block-button__link has-white-transparent-color has-red-background-color has-text-color has-background has-link-color has-medium-font-size has-custom-font-size wp-element-button\" href=\"https:\/\/www.leuag.ch\/fr\/produkte-kategorie\/patientenueberwachung\/\" style=\"border-radius:0px\">Surveillance des patients<\/a><\/div>\n<\/div>\n<\/div>\n<\/div>\n\n\n\n<div class=\"wp-block-columns alignwide is-layout-flex wp-container-core-columns-is-layout-9d6595d7 wp-block-columns-is-layout-flex\">\n<div class=\"wp-block-column is-layout-flow wp-block-column-is-layout-flow\">\n<div class=\"wp-block-buttons is-layout-flex wp-block-buttons-is-layout-flex\">\n<div class=\"wp-block-button has-custom-width wp-block-button__width-100 is-style-fill\"><a class=\"wp-block-button__link has-white-transparent-color has-red-background-color has-text-color has-background has-link-color has-medium-font-size has-custom-font-size wp-element-button\" href=\"https:\/\/www.leuag.ch\/fr\/produkte-kategorie\/cardiologie\/\" style=\"border-radius:0px\">Cardiologie<\/a><\/div>\n<\/div>\n<\/div>\n\n\n\n<div class=\"wp-block-column is-layout-flow wp-block-column-is-layout-flow\">\n<div class=\"wp-block-buttons is-layout-flex wp-block-buttons-is-layout-flex\"><\/div>\n<\/div>\n\n\n\n<div class=\"wp-block-column is-layout-flow wp-block-column-is-layout-flow\">\n<div class=\"wp-block-buttons is-layout-flex wp-block-buttons-is-layout-flex\"><\/div>\n<\/div>\n<\/div>\n\n\n\n<div style=\"height:100px\" aria-hidden=\"true\" class=\"wp-block-spacer\"><\/div>","protected":false},"excerpt":{"rendered":"<p>In der Radiologie, Chirurgie, Kardiologie und beim Patientenmonitoring bieten wir Produkte an, die in den jeweiligen Bereichen zu den Besten geh\u00f6ren. Ein unverbindliches Beratungsgespr\u00e4ch kann der Beginn einer Partnerschaft sein. Bei folgenden Themen unterst\u00fctzen wir Sie: L\u00f6sungen, Ger\u00e4tetypen, Anwendung und Funktionen, Upgrade oder Ersatz Ger\u00e4te, Wirtschaftlichkeit, Sicherheit und Schutz sowie individuelles \u00abBusiness Review\u00bb. \u2192<\/p>","protected":false},"author":1,"featured_media":0,"parent":0,"menu_order":0,"comment_status":"closed","ping_status":"closed","template":"","meta":{"inline_featured_image":false,"footnotes":""},"class_list":["post-29","page","type-page","status-publish","hentry"],"yoast_head":"<!-- This site is optimized with the Yoast SEO plugin v26.6 - https:\/\/yoast.com\/wordpress\/plugins\/seo\/ -->\n<title>Produkte - Leuag AG<\/title>\n<meta name=\"robots\" content=\"index, follow, max-snippet:-1, max-image-preview:large, max-video-preview:-1\" \/>\n<link rel=\"canonical\" href=\"https:\/\/www.leuag.ch\/fr\/produkte\/\" \/>\n<meta property=\"og:locale\" content=\"fr_FR\" \/>\n<meta property=\"og:type\" content=\"article\" \/>\n<meta property=\"og:title\" content=\"Produkte - Leuag AG\" \/>\n<meta property=\"og:description\" content=\"In der Radiologie, Chirurgie, Kardiologie und beim Patientenmonitoring bieten wir Produkte an, die in den jeweiligen Bereichen zu den Besten geh\u00f6ren. Ein unverbindliches Beratungsgespr\u00e4ch kann der Beginn einer Partnerschaft sein. Bei folgenden Themen unterst\u00fctzen wir Sie: L\u00f6sungen, Ger\u00e4tetypen, Anwendung und Funktionen, Upgrade oder Ersatz Ger\u00e4te, Wirtschaftlichkeit, Sicherheit und Schutz sowie individuelles \u00abBusiness Review\u00bb. \u2192\" \/>\n<meta property=\"og:url\" content=\"https:\/\/www.leuag.ch\/fr\/produkte\/\" \/>\n<meta property=\"og:site_name\" content=\"Leuag AG\" \/>\n<meta property=\"article:modified_time\" content=\"2026-02-25T07:50:20+00:00\" \/>\n<meta name=\"twitter:card\" content=\"summary_large_image\" \/>\n<meta name=\"twitter:label1\" content=\"Dur\u00e9e de lecture estim\u00e9e\" \/>\n\t<meta name=\"twitter:data1\" content=\"1 minute\" \/>\n<script type=\"application\/ld+json\" class=\"yoast-schema-graph\">{\"@context\":\"https:\/\/schema.org\",\"@graph\":[{\"@type\":\"WebPage\",\"@id\":\"https:\/\/www.leuag.ch\/produkte\/\",\"url\":\"https:\/\/www.leuag.ch\/produkte\/\",\"name\":\"Produkte - Leuag AG\",\"isPartOf\":{\"@id\":\"https:\/\/www.leuag.ch\/#website\"},\"datePublished\":\"2024-07-30T11:06:11+00:00\",\"dateModified\":\"2026-02-25T07:50:20+00:00\",\"breadcrumb\":{\"@id\":\"https:\/\/www.leuag.ch\/produkte\/#breadcrumb\"},\"inLanguage\":\"fr-FR\",\"potentialAction\":[{\"@type\":\"ReadAction\",\"target\":[\"https:\/\/www.leuag.ch\/produkte\/\"]}]},{\"@type\":\"BreadcrumbList\",\"@id\":\"https:\/\/www.leuag.ch\/produkte\/#breadcrumb\",\"itemListElement\":[{\"@type\":\"ListItem\",\"position\":1,\"name\":\"Leuag\",\"item\":\"https:\/\/www.leuag.ch\/\"},{\"@type\":\"ListItem\",\"position\":2,\"name\":\"Produkte\"}]},{\"@type\":\"WebSite\",\"@id\":\"https:\/\/www.leuag.ch\/#website\",\"url\":\"https:\/\/www.leuag.ch\/\",\"name\":\"Leuag AG\",\"description\":\"\",\"publisher\":{\"@id\":\"https:\/\/www.leuag.ch\/#organization\"},\"potentialAction\":[{\"@type\":\"SearchAction\",\"target\":{\"@type\":\"EntryPoint\",\"urlTemplate\":\"https:\/\/www.leuag.ch\/?s={search_term_string}\"},\"query-input\":{\"@type\":\"PropertyValueSpecification\",\"valueRequired\":true,\"valueName\":\"search_term_string\"}}],\"inLanguage\":\"fr-FR\"},{\"@type\":\"Organization\",\"@id\":\"https:\/\/www.leuag.ch\/#organization\",\"name\":\"Leuag AG\",\"url\":\"https:\/\/www.leuag.ch\/\",\"logo\":{\"@type\":\"ImageObject\",\"inLanguage\":\"fr-FR\",\"@id\":\"https:\/\/www.leuag.ch\/#\/schema\/logo\/image\/\",\"url\":\"https:\/\/www.leuag.ch\/wp-content\/uploads\/2025\/06\/leuag-logo.svg\",\"contentUrl\":\"https:\/\/www.leuag.ch\/wp-content\/uploads\/2025\/06\/leuag-logo.svg\",\"width\":565,\"height\":272,\"caption\":\"Leuag AG\"},\"image\":{\"@id\":\"https:\/\/www.leuag.ch\/#\/schema\/logo\/image\/\"}}]}<\/script>\n<!-- \/ Yoast SEO plugin. -->","yoast_head_json":{"title":"Produits","robots":{"index":"index","follow":"follow","max-snippet":"max-snippet:-1","max-image-preview":"max-image-preview:large","max-video-preview":"max-video-preview:-1"},"canonical":"https:\/\/www.leuag.ch\/fr\/produkte\/","og_locale":"fr_FR","og_type":"article","og_title":"Produkte - Leuag AG","og_description":"In der Radiologie, Chirurgie, Kardiologie und beim Patientenmonitoring bieten wir Produkte an, die in den jeweiligen Bereichen zu den Besten geh\u00f6ren. Ein unverbindliches Beratungsgespr\u00e4ch kann der Beginn einer Partnerschaft sein. Bei folgenden Themen unterst\u00fctzen wir Sie: L\u00f6sungen, Ger\u00e4tetypen, Anwendung und Funktionen, Upgrade oder Ersatz Ger\u00e4te, Wirtschaftlichkeit, Sicherheit und Schutz sowie individuelles \u00abBusiness Review\u00bb. \u2192","og_url":"https:\/\/www.leuag.ch\/fr\/produkte\/","og_site_name":"Leuag AG","article_modified_time":"2026-02-25T07:50:20+00:00","twitter_card":"summary_large_image","twitter_misc":{"Dur\u00e9e de lecture estim\u00e9e":"1 minute"},"schema":{"@context":"https:\/\/schema.org","@graph":[{"@type":"WebPage","@id":"https:\/\/www.leuag.ch\/produkte\/","url":"https:\/\/www.leuag.ch\/produkte\/","name":"Produits","isPartOf":{"@id":"https:\/\/www.leuag.ch\/#website"},"datePublished":"2024-07-30T11:06:11+00:00","dateModified":"2026-02-25T07:50:20+00:00","breadcrumb":{"@id":"https:\/\/www.leuag.ch\/produkte\/#breadcrumb"},"inLanguage":"fr-FR","potentialAction":[{"@type":"ReadAction","target":["https:\/\/www.leuag.ch\/produkte\/"]}]},{"@type":"BreadcrumbList","@id":"https:\/\/www.leuag.ch\/produkte\/#breadcrumb","itemListElement":[{"@type":"ListItem","position":1,"name":"Leuag","item":"https:\/\/www.leuag.ch\/"},{"@type":"ListItem","position":2,"name":"Produkte"}]},{"@type":"WebSite","@id":"https:\/\/www.leuag.ch\/#website","url":"https:\/\/www.leuag.ch\/","name":"Leuag SA","description":"","publisher":{"@id":"https:\/\/www.leuag.ch\/#organization"},"potentialAction":[{"@type":"SearchAction","target":{"@type":"EntryPoint","urlTemplate":"https:\/\/www.leuag.ch\/?s={search_term_string}"},"query-input":{"@type":"PropertyValueSpecification","valueRequired":true,"valueName":"search_term_string"}}],"inLanguage":"fr-FR"},{"@type":"Organization","@id":"https:\/\/www.leuag.ch\/#organization","name":"Leuag SA","url":"https:\/\/www.leuag.ch\/","logo":{"@type":"ImageObject","inLanguage":"fr-FR","@id":"https:\/\/www.leuag.ch\/#\/schema\/logo\/image\/","url":"https:\/\/www.leuag.ch\/wp-content\/uploads\/2025\/06\/leuag-logo.svg","contentUrl":"https:\/\/www.leuag.ch\/wp-content\/uploads\/2025\/06\/leuag-logo.svg","width":565,"height":272,"caption":"Leuag AG"},"image":{"@id":"https:\/\/www.leuag.ch\/#\/schema\/logo\/image\/"}}]}},"_links":{"self":[{"href":"https:\/\/www.leuag.ch\/fr\/wp-json\/wp\/v2\/pages\/29","targetHints":{"allow":["GET"]}}],"collection":[{"href":"https:\/\/www.leuag.ch\/fr\/wp-json\/wp\/v2\/pages"}],"about":[{"href":"https:\/\/www.leuag.ch\/fr\/wp-json\/wp\/v2\/types\/page"}],"author":[{"embeddable":true,"href":"https:\/\/www.leuag.ch\/fr\/wp-json\/wp\/v2\/users\/1"}],"replies":[{"embeddable":true,"href":"https:\/\/www.leuag.ch\/fr\/wp-json\/wp\/v2\/comments?post=29"}],"version-history":[{"count":48,"href":"https:\/\/www.leuag.ch\/fr\/wp-json\/wp\/v2\/pages\/29\/revisions"}],"predecessor-version":[{"id":2857,"href":"https:\/\/www.leuag.ch\/fr\/wp-json\/wp\/v2\/pages\/29\/revisions\/2857"}],"wp:attachment":[{"href":"https:\/\/www.leuag.ch\/fr\/wp-json\/wp\/v2\/media?parent=29"}],"curies":[{"name":"wp","href":"https:\/\/api.w.org\/{rel}","templated":true}]}}