{"id":489,"date":"2024-10-31T12:43:56","date_gmt":"2024-10-31T11:43:56","guid":{"rendered":"https:\/\/www.leuag.ch\/?page_id=489"},"modified":"2025-05-21T08:16:58","modified_gmt":"2025-05-21T06:16:58","slug":"partner","status":"publish","type":"page","link":"https:\/\/www.leuag.ch\/fr\/ueber-uns\/partner\/","title":{"rendered":"Partenaire"},"content":{"rendered":"<div class=\"wp-block-columns alignwide is-layout-flex wp-container-core-columns-is-layout-9d6595d7 wp-block-columns-is-layout-flex\">\n<div class=\"wp-block-column is-layout-flow wp-block-column-is-layout-flow\">\n<p>Nous s\u00e9lectionnons nos partenaires avec soins et visons une collaboration \u00e0 long terme.<\/p>\n<\/div>\n<\/div>\n\n\n    <div class=\"cdt-content-filter cdt-partner-archive\" data-guiid=\"e9a679d2-6d51-46e4-bfa2-39e17e853add\">\n\n        <script>\n\n            window.addEventListener('load', () => {\n\n                cdtContentFilterConfigs['e9a679d2-6d51-46e4-bfa2-39e17e853add'] = '{\"typeClassIdentifier\":\"partner\",\"postType\":\"cdt-partner\",\"filter\":[\"\"],\"postsPerPage\":-1,\"class\":\"cdt-partner-archive\",\"taxonomyConfig\":\"\",\"orderby\":\"\",\"order\":\"\"}';\n            });\n\n        <\/script>\n                <div class=\"cdt-content-filter__loader-wrapper\">\n            <span class=\"cdt-content-filter__filter-loader\"><\/span>\n        <\/div>\n        <div class=\"cdt-content-filter__post-list\">\n                <div class=\"cdt-partner\">\n                        <figure>\n                    <img loading=\"lazy\" decoding=\"async\" width=\"280\" height=\"81\" src=\"https:\/\/www.leuag.ch\/wp-content\/uploads\/2026\/02\/NRT.png\" class=\"attachment-full size-full wp-post-image\" alt=\"\" srcset=\"https:\/\/www.leuag.ch\/wp-content\/uploads\/2026\/02\/NRT.png 280w, https:\/\/www.leuag.ch\/wp-content\/uploads\/2026\/02\/NRT-18x5.png 18w\" sizes=\"auto, (max-width: 280px) 100vw, 280px\" \/>                <\/figure>\n                    <\/div>\n        <div class=\"cdt-partner\">\n                        <figure>\n                    <img loading=\"lazy\" decoding=\"async\" width=\"960\" height=\"133\" src=\"https:\/\/www.leuag.ch\/wp-content\/uploads\/2026\/02\/Shimadzu_logo.svg.png\" class=\"attachment-full size-full wp-post-image\" alt=\"\" srcset=\"https:\/\/www.leuag.ch\/wp-content\/uploads\/2026\/02\/Shimadzu_logo.svg.png 960w, https:\/\/www.leuag.ch\/wp-content\/uploads\/2026\/02\/Shimadzu_logo.svg-300x42.png 300w, https:\/\/www.leuag.ch\/wp-content\/uploads\/2026\/02\/Shimadzu_logo.svg-768x106.png 768w, https:\/\/www.leuag.ch\/wp-content\/uploads\/2026\/02\/Shimadzu_logo.svg-18x2.png 18w\" sizes=\"auto, (max-width: 960px) 100vw, 960px\" \/>                <\/figure>\n                    <\/div>\n        <div class=\"cdt-partner\">\n                        <figure>\n                    <img loading=\"lazy\" decoding=\"async\" width=\"350\" height=\"90\" src=\"https:\/\/www.leuag.ch\/wp-content\/uploads\/2026\/02\/ControlX-removebg-preview.png\" class=\"attachment-full size-full wp-post-image\" alt=\"\" srcset=\"https:\/\/www.leuag.ch\/wp-content\/uploads\/2026\/02\/ControlX-removebg-preview.png 350w, https:\/\/www.leuag.ch\/wp-content\/uploads\/2026\/02\/ControlX-removebg-preview-300x77.png 300w, https:\/\/www.leuag.ch\/wp-content\/uploads\/2026\/02\/ControlX-removebg-preview-18x5.png 18w\" sizes=\"auto, (max-width: 350px) 100vw, 350px\" \/>                <\/figure>\n                    <\/div>\n        <div class=\"cdt-partner\">\n                        <figure>\n                    <img loading=\"lazy\" decoding=\"async\" width=\"205\" height=\"70\" src=\"https:\/\/www.leuag.ch\/wp-content\/uploads\/2026\/02\/Safewarm-removebg-preview.png\" class=\"attachment-full size-full wp-post-image\" alt=\"\" srcset=\"https:\/\/www.leuag.ch\/wp-content\/uploads\/2026\/02\/Safewarm-removebg-preview.png 205w, https:\/\/www.leuag.ch\/wp-content\/uploads\/2026\/02\/Safewarm-removebg-preview-18x6.png 18w\" sizes=\"auto, (max-width: 205px) 100vw, 205px\" \/>                <\/figure>\n                    <\/div>\n        <div class=\"cdt-partner\">\n                        <figure>\n                    <img loading=\"lazy\" decoding=\"async\" width=\"984\" height=\"253\" src=\"https:\/\/www.leuag.ch\/wp-content\/uploads\/2026\/02\/Stephanix-removebg-preview.png\" class=\"attachment-full size-full wp-post-image\" alt=\"\" srcset=\"https:\/\/www.leuag.ch\/wp-content\/uploads\/2026\/02\/Stephanix-removebg-preview.png 984w, https:\/\/www.leuag.ch\/wp-content\/uploads\/2026\/02\/Stephanix-removebg-preview-300x77.png 300w, https:\/\/www.leuag.ch\/wp-content\/uploads\/2026\/02\/Stephanix-removebg-preview-768x197.png 768w, https:\/\/www.leuag.ch\/wp-content\/uploads\/2026\/02\/Stephanix-removebg-preview-18x5.png 18w\" sizes=\"auto, (max-width: 984px) 100vw, 984px\" \/>                <\/figure>\n                    <\/div>\n        <div class=\"cdt-partner\">\n                        <figure>\n                    <img loading=\"lazy\" decoding=\"async\" width=\"512\" height=\"108\" src=\"https:\/\/www.leuag.ch\/wp-content\/uploads\/2024\/10\/canon-logo.png\" class=\"attachment-full size-full wp-post-image\" alt=\"Canon Partner Logo\" srcset=\"https:\/\/www.leuag.ch\/wp-content\/uploads\/2024\/10\/canon-logo.png 512w, https:\/\/www.leuag.ch\/wp-content\/uploads\/2024\/10\/canon-logo-300x63.png 300w\" sizes=\"auto, (max-width: 512px) 100vw, 512px\" \/>                <\/figure>\n                    <\/div>\n        <div class=\"cdt-partner\">\n                        <figure>\n                    <img loading=\"lazy\" decoding=\"async\" width=\"1652\" height=\"347\" src=\"https:\/\/www.leuag.ch\/wp-content\/uploads\/2026\/02\/Arcoma.png\" class=\"attachment-full size-full wp-post-image\" alt=\"\" srcset=\"https:\/\/www.leuag.ch\/wp-content\/uploads\/2026\/02\/Arcoma.png 1652w, https:\/\/www.leuag.ch\/wp-content\/uploads\/2026\/02\/Arcoma-300x63.png 300w, https:\/\/www.leuag.ch\/wp-content\/uploads\/2026\/02\/Arcoma-1024x215.png 1024w, https:\/\/www.leuag.ch\/wp-content\/uploads\/2026\/02\/Arcoma-768x161.png 768w, https:\/\/www.leuag.ch\/wp-content\/uploads\/2026\/02\/Arcoma-1536x323.png 1536w, https:\/\/www.leuag.ch\/wp-content\/uploads\/2026\/02\/Arcoma-18x4.png 18w\" sizes=\"auto, (max-width: 1652px) 100vw, 1652px\" \/>                <\/figure>\n                    <\/div>\n        <div class=\"cdt-partner\">\n                        <figure>\n                    <img loading=\"lazy\" decoding=\"async\" width=\"512\" height=\"85\" src=\"https:\/\/www.leuag.ch\/wp-content\/uploads\/2024\/10\/ziehm-imaging-logo.png\" class=\"attachment-full size-full wp-post-image\" alt=\"Ziehm Imaging Partner Logo\" srcset=\"https:\/\/www.leuag.ch\/wp-content\/uploads\/2024\/10\/ziehm-imaging-logo.png 512w, https:\/\/www.leuag.ch\/wp-content\/uploads\/2024\/10\/ziehm-imaging-logo-300x50.png 300w\" sizes=\"auto, (max-width: 512px) 100vw, 512px\" \/>                <\/figure>\n                    <\/div>\n        <div class=\"cdt-partner\">\n                        <figure>\n                    <img loading=\"lazy\" decoding=\"async\" width=\"512\" height=\"93\" src=\"https:\/\/www.leuag.ch\/wp-content\/uploads\/2024\/10\/planmed-logo.png\" class=\"attachment-full size-full wp-post-image\" alt=\"Planmed Partner Logo\" srcset=\"https:\/\/www.leuag.ch\/wp-content\/uploads\/2024\/10\/planmed-logo.png 512w, https:\/\/www.leuag.ch\/wp-content\/uploads\/2024\/10\/planmed-logo-300x54.png 300w\" sizes=\"auto, (max-width: 512px) 100vw, 512px\" \/>                <\/figure>\n                    <\/div>\n        <div class=\"cdt-partner\">\n                        <figure>\n                    <img loading=\"lazy\" decoding=\"async\" width=\"512\" height=\"170\" src=\"https:\/\/www.leuag.ch\/wp-content\/uploads\/2024\/10\/spacelabs-logo.png\" class=\"attachment-full size-full wp-post-image\" alt=\"Spacelabs Partner Logo\" srcset=\"https:\/\/www.leuag.ch\/wp-content\/uploads\/2024\/10\/spacelabs-logo.png 512w, https:\/\/www.leuag.ch\/wp-content\/uploads\/2024\/10\/spacelabs-logo-300x100.png 300w\" sizes=\"auto, (max-width: 512px) 100vw, 512px\" \/>                <\/figure>\n                    <\/div>\n        <div class=\"cdt-partner\">\n                        <figure>\n                    <img loading=\"lazy\" decoding=\"async\" width=\"512\" height=\"88\" src=\"https:\/\/www.leuag.ch\/wp-content\/uploads\/2024\/10\/orthoscan-logo.png\" class=\"attachment-full size-full wp-post-image\" alt=\"Orthoscan Partner Logo\" srcset=\"https:\/\/www.leuag.ch\/wp-content\/uploads\/2024\/10\/orthoscan-logo.png 512w, https:\/\/www.leuag.ch\/wp-content\/uploads\/2024\/10\/orthoscan-logo-300x52.png 300w\" sizes=\"auto, (max-width: 512px) 100vw, 512px\" \/>                <\/figure>\n                    <\/div>\n        <div class=\"cdt-partner\">\n                        <figure>\n                    <img loading=\"lazy\" decoding=\"async\" width=\"512\" height=\"78\" src=\"https:\/\/www.leuag.ch\/wp-content\/uploads\/2024\/10\/nihon-kohden-logo.png\" class=\"attachment-full size-full wp-post-image\" alt=\"Nihon Kohden Partner Logo\" srcset=\"https:\/\/www.leuag.ch\/wp-content\/uploads\/2024\/10\/nihon-kohden-logo.png 512w, https:\/\/www.leuag.ch\/wp-content\/uploads\/2024\/10\/nihon-kohden-logo-300x46.png 300w\" sizes=\"auto, (max-width: 512px) 100vw, 512px\" \/>                <\/figure>\n                    <\/div>\n        <div class=\"cdt-partner\">\n                        <figure>\n                    <img loading=\"lazy\" decoding=\"async\" width=\"512\" height=\"407\" src=\"https:\/\/www.leuag.ch\/wp-content\/uploads\/2024\/10\/eos-logo.png\" class=\"attachment-full size-full wp-post-image\" alt=\"EOS Partner Logo\" srcset=\"https:\/\/www.leuag.ch\/wp-content\/uploads\/2024\/10\/eos-logo.png 512w, https:\/\/www.leuag.ch\/wp-content\/uploads\/2024\/10\/eos-logo-300x238.png 300w\" sizes=\"auto, (max-width: 512px) 100vw, 512px\" \/>                <\/figure>\n                    <\/div>\n        <div class=\"cdt-partner\">\n                        <figure>\n                    <img loading=\"lazy\" decoding=\"async\" width=\"512\" height=\"71\" src=\"https:\/\/www.leuag.ch\/wp-content\/uploads\/2024\/10\/senzime-logo.png\" class=\"attachment-full size-full wp-post-image\" alt=\"Senzime Partner Logo\" srcset=\"https:\/\/www.leuag.ch\/wp-content\/uploads\/2024\/10\/senzime-logo.png 512w, https:\/\/www.leuag.ch\/wp-content\/uploads\/2024\/10\/senzime-logo-300x42.png 300w\" sizes=\"auto, (max-width: 512px) 100vw, 512px\" \/>                <\/figure>\n                    <\/div>\n        <div class=\"cdt-partner\">\n                        <figure>\n                    <img loading=\"lazy\" decoding=\"async\" width=\"512\" height=\"167\" src=\"https:\/\/www.leuag.ch\/wp-content\/uploads\/2024\/10\/vitacon-logo.png\" class=\"attachment-full size-full wp-post-image\" alt=\"Vitacon Partner Logo\" srcset=\"https:\/\/www.leuag.ch\/wp-content\/uploads\/2024\/10\/vitacon-logo.png 512w, https:\/\/www.leuag.ch\/wp-content\/uploads\/2024\/10\/vitacon-logo-300x98.png 300w\" sizes=\"auto, (max-width: 512px) 100vw, 512px\" \/>                <\/figure>\n                    <\/div>\n            <\/div>\n    <\/div>\n    \n\n\n\n<div style=\"height:100px\" aria-hidden=\"true\" class=\"wp-block-spacer\"><\/div>","protected":false},"excerpt":{"rendered":"<p>Nous s\u00e9lectionnons nos partenaires avec soins et visons une collaboration \u00e0 long terme.<\/p>","protected":false},"author":1,"featured_media":0,"parent":10,"menu_order":0,"comment_status":"closed","ping_status":"closed","template":"","meta":{"inline_featured_image":false,"footnotes":""},"class_list":["post-489","page","type-page","status-publish","hentry"],"yoast_head":"<!-- This site is optimized with the Yoast SEO plugin v26.6 - https:\/\/yoast.com\/wordpress\/plugins\/seo\/ -->\n<title>Partner - Leuag AG<\/title>\n<meta name=\"robots\" content=\"index, follow, max-snippet:-1, max-image-preview:large, max-video-preview:-1\" \/>\n<link rel=\"canonical\" href=\"https:\/\/www.leuag.ch\/fr\/ueber-uns\/partner\/\" \/>\n<meta property=\"og:locale\" content=\"fr_FR\" \/>\n<meta property=\"og:type\" content=\"article\" \/>\n<meta property=\"og:title\" content=\"Partner - Leuag AG\" \/>\n<meta property=\"og:description\" content=\"Wir w\u00e4hlen unsere Partner sorgf\u00e4ltig aus und beabsichtigen eine langj\u00e4hrige Zusammenarbeit.\" \/>\n<meta property=\"og:url\" content=\"https:\/\/www.leuag.ch\/fr\/ueber-uns\/partner\/\" \/>\n<meta property=\"og:site_name\" content=\"Leuag AG\" \/>\n<meta property=\"article:modified_time\" content=\"2025-05-21T06:16:58+00:00\" \/>\n<meta name=\"twitter:card\" content=\"summary_large_image\" \/>\n<meta name=\"twitter:label1\" content=\"Dur\u00e9e de lecture estim\u00e9e\" \/>\n\t<meta name=\"twitter:data1\" content=\"1 minute\" \/>\n<script type=\"application\/ld+json\" class=\"yoast-schema-graph\">{\"@context\":\"https:\/\/schema.org\",\"@graph\":[{\"@type\":\"WebPage\",\"@id\":\"https:\/\/www.leuag.ch\/ueber-uns\/partner\/\",\"url\":\"https:\/\/www.leuag.ch\/ueber-uns\/partner\/\",\"name\":\"Partner - Leuag AG\",\"isPartOf\":{\"@id\":\"https:\/\/www.leuag.ch\/#website\"},\"datePublished\":\"2024-10-31T11:43:56+00:00\",\"dateModified\":\"2025-05-21T06:16:58+00:00\",\"breadcrumb\":{\"@id\":\"https:\/\/www.leuag.ch\/ueber-uns\/partner\/#breadcrumb\"},\"inLanguage\":\"fr-FR\",\"potentialAction\":[{\"@type\":\"ReadAction\",\"target\":[\"https:\/\/www.leuag.ch\/ueber-uns\/partner\/\"]}]},{\"@type\":\"BreadcrumbList\",\"@id\":\"https:\/\/www.leuag.ch\/ueber-uns\/partner\/#breadcrumb\",\"itemListElement\":[{\"@type\":\"ListItem\",\"position\":1,\"name\":\"Leuag\",\"item\":\"https:\/\/www.leuag.ch\/\"},{\"@type\":\"ListItem\",\"position\":2,\"name\":\"\u00dcber uns\",\"item\":\"https:\/\/www.leuag.ch\/ueber-uns\/\"},{\"@type\":\"ListItem\",\"position\":3,\"name\":\"Partner\"}]},{\"@type\":\"WebSite\",\"@id\":\"https:\/\/www.leuag.ch\/#website\",\"url\":\"https:\/\/www.leuag.ch\/\",\"name\":\"Leuag AG\",\"description\":\"\",\"publisher\":{\"@id\":\"https:\/\/www.leuag.ch\/#organization\"},\"potentialAction\":[{\"@type\":\"SearchAction\",\"target\":{\"@type\":\"EntryPoint\",\"urlTemplate\":\"https:\/\/www.leuag.ch\/?s={search_term_string}\"},\"query-input\":{\"@type\":\"PropertyValueSpecification\",\"valueRequired\":true,\"valueName\":\"search_term_string\"}}],\"inLanguage\":\"fr-FR\"},{\"@type\":\"Organization\",\"@id\":\"https:\/\/www.leuag.ch\/#organization\",\"name\":\"Leuag AG\",\"url\":\"https:\/\/www.leuag.ch\/\",\"logo\":{\"@type\":\"ImageObject\",\"inLanguage\":\"fr-FR\",\"@id\":\"https:\/\/www.leuag.ch\/#\/schema\/logo\/image\/\",\"url\":\"https:\/\/www.leuag.ch\/wp-content\/uploads\/2025\/06\/leuag-logo.svg\",\"contentUrl\":\"https:\/\/www.leuag.ch\/wp-content\/uploads\/2025\/06\/leuag-logo.svg\",\"width\":565,\"height\":272,\"caption\":\"Leuag AG\"},\"image\":{\"@id\":\"https:\/\/www.leuag.ch\/#\/schema\/logo\/image\/\"}}]}<\/script>\n<!-- \/ Yoast SEO plugin. -->","yoast_head_json":{"title":"Partenaire","robots":{"index":"index","follow":"follow","max-snippet":"max-snippet:-1","max-image-preview":"max-image-preview:large","max-video-preview":"max-video-preview:-1"},"canonical":"https:\/\/www.leuag.ch\/fr\/ueber-uns\/partner\/","og_locale":"fr_FR","og_type":"article","og_title":"Partner - Leuag AG","og_description":"Wir w\u00e4hlen unsere Partner sorgf\u00e4ltig aus und beabsichtigen eine langj\u00e4hrige Zusammenarbeit.","og_url":"https:\/\/www.leuag.ch\/fr\/ueber-uns\/partner\/","og_site_name":"Leuag AG","article_modified_time":"2025-05-21T06:16:58+00:00","twitter_card":"summary_large_image","twitter_misc":{"Dur\u00e9e de lecture estim\u00e9e":"1 minute"},"schema":{"@context":"https:\/\/schema.org","@graph":[{"@type":"WebPage","@id":"https:\/\/www.leuag.ch\/ueber-uns\/partner\/","url":"https:\/\/www.leuag.ch\/ueber-uns\/partner\/","name":"Partenaire","isPartOf":{"@id":"https:\/\/www.leuag.ch\/#website"},"datePublished":"2024-10-31T11:43:56+00:00","dateModified":"2025-05-21T06:16:58+00:00","breadcrumb":{"@id":"https:\/\/www.leuag.ch\/ueber-uns\/partner\/#breadcrumb"},"inLanguage":"fr-FR","potentialAction":[{"@type":"ReadAction","target":["https:\/\/www.leuag.ch\/ueber-uns\/partner\/"]}]},{"@type":"BreadcrumbList","@id":"https:\/\/www.leuag.ch\/ueber-uns\/partner\/#breadcrumb","itemListElement":[{"@type":"ListItem","position":1,"name":"Leuag","item":"https:\/\/www.leuag.ch\/"},{"@type":"ListItem","position":2,"name":"\u00dcber uns","item":"https:\/\/www.leuag.ch\/ueber-uns\/"},{"@type":"ListItem","position":3,"name":"Partner"}]},{"@type":"WebSite","@id":"https:\/\/www.leuag.ch\/#website","url":"https:\/\/www.leuag.ch\/","name":"Leuag SA","description":"","publisher":{"@id":"https:\/\/www.leuag.ch\/#organization"},"potentialAction":[{"@type":"SearchAction","target":{"@type":"EntryPoint","urlTemplate":"https:\/\/www.leuag.ch\/?s={search_term_string}"},"query-input":{"@type":"PropertyValueSpecification","valueRequired":true,"valueName":"search_term_string"}}],"inLanguage":"fr-FR"},{"@type":"Organization","@id":"https:\/\/www.leuag.ch\/#organization","name":"Leuag SA","url":"https:\/\/www.leuag.ch\/","logo":{"@type":"ImageObject","inLanguage":"fr-FR","@id":"https:\/\/www.leuag.ch\/#\/schema\/logo\/image\/","url":"https:\/\/www.leuag.ch\/wp-content\/uploads\/2025\/06\/leuag-logo.svg","contentUrl":"https:\/\/www.leuag.ch\/wp-content\/uploads\/2025\/06\/leuag-logo.svg","width":565,"height":272,"caption":"Leuag AG"},"image":{"@id":"https:\/\/www.leuag.ch\/#\/schema\/logo\/image\/"}}]}},"_links":{"self":[{"href":"https:\/\/www.leuag.ch\/fr\/wp-json\/wp\/v2\/pages\/489","targetHints":{"allow":["GET"]}}],"collection":[{"href":"https:\/\/www.leuag.ch\/fr\/wp-json\/wp\/v2\/pages"}],"about":[{"href":"https:\/\/www.leuag.ch\/fr\/wp-json\/wp\/v2\/types\/page"}],"author":[{"embeddable":true,"href":"https:\/\/www.leuag.ch\/fr\/wp-json\/wp\/v2\/users\/1"}],"replies":[{"embeddable":true,"href":"https:\/\/www.leuag.ch\/fr\/wp-json\/wp\/v2\/comments?post=489"}],"version-history":[{"count":5,"href":"https:\/\/www.leuag.ch\/fr\/wp-json\/wp\/v2\/pages\/489\/revisions"}],"predecessor-version":[{"id":1475,"href":"https:\/\/www.leuag.ch\/fr\/wp-json\/wp\/v2\/pages\/489\/revisions\/1475"}],"up":[{"embeddable":true,"href":"https:\/\/www.leuag.ch\/fr\/wp-json\/wp\/v2\/pages\/10"}],"wp:attachment":[{"href":"https:\/\/www.leuag.ch\/fr\/wp-json\/wp\/v2\/media?parent=489"}],"curies":[{"name":"wp","href":"https:\/\/api.w.org\/{rel}","templated":true}]}}