{"id":586,"date":"2025-03-07T10:28:47","date_gmt":"2025-03-07T09:28:47","guid":{"rendered":"https:\/\/www.leuag.ch\/?page_id=586"},"modified":"2025-11-19T10:01:16","modified_gmt":"2025-11-19T09:01:16","slug":"unser-angebot","status":"publish","type":"page","link":"https:\/\/www.leuag.ch\/fr\/dienstleistungen\/unser-angebot\/","title":{"rendered":"Notre offre"},"content":{"rendered":"<div class=\"wp-block-columns alignwide is-layout-flex wp-container-core-columns-is-layout-9d6595d7 wp-block-columns-is-layout-flex\">\n<div class=\"wp-block-column is-layout-flow wp-block-column-is-layout-flow\">\n<p>Notre service a pour but de vous offrir une exploitation et conservation de valeur optimale de votre installation. Nous misons sur une qualit\u00e9 intransigeante. Tous nos techniciens de service et notre personnel d\u2019application, en plus de leur formation professionnelle, sont \u00e9galement form\u00e9s par nos fournisseurs sur les installations\/appareils que nous distribuons.<\/p>\n<\/div>\n<\/div>\n\n\n\n<div style=\"height:30px\" aria-hidden=\"true\" class=\"wp-block-spacer\"><\/div>\n\n\n\n<div class=\"wp-block-group alignwide\"><div class=\"wp-block-group__inner-container is-layout-constrained wp-block-group-is-layout-constrained\">\n<h2 class=\"wp-block-heading\">Conseil<\/h2>\n\n\n\n<div class=\"wp-block-columns is-layout-flex wp-container-core-columns-is-layout-9d6595d7 wp-block-columns-is-layout-flex\">\n<div class=\"wp-block-column has-red-background-color has-background is-layout-flow wp-block-column-is-layout-flow\" style=\"flex-basis:33.33%\"><div class=\"wp-block-image is-style-default\">\n<figure class=\"aligncenter size-large is-resized\"><img loading=\"lazy\" decoding=\"async\" width=\"369\" height=\"369\" src=\"https:\/\/www.leuag.ch\/wp-content\/uploads\/2025\/05\/Beratung-Pikto1.svg\" alt=\"\" class=\"wp-image-1273\" style=\"width:150px\"\/><\/figure>\n<\/div>\n\n\n<p class=\"has-white-color has-text-color has-link-color wp-elements-d23a93949d622e5f99f19c8474231cb9\">Un entretien de conseil sans engagement peut \u00eatre le d\u00e9but d'un partenariat. Nous vous soutenons dans les domaines suivants:<\/p>\n\n\n\n<ul class=\"wp-block-list\">\n<li class=\"has-white-color has-text-color has-link-color wp-elements-3c737c444047a168221ad0197f6922f5\">Solutions, types d'appareils<\/li>\n\n\n\n<li class=\"has-white-color has-text-color has-link-color wp-elements-47d6d76e6bf152d095362a5814d39185\">Application et fonctions<\/li>\n\n\n\n<li class=\"has-white-color has-text-color has-link-color wp-elements-ca0eaaad0043f29c74714bb079bca158\">S\u00e9curit\u00e9 et protection<\/li>\n\n\n\n<li class=\"has-white-color has-text-color has-link-color wp-elements-8361a796d805e7bc68921ee2f0d7506f\">Rentabilit\u00e9<\/li>\n\n\n\n<li class=\"has-white-color has-text-color has-link-color wp-elements-a1cbc7134b05f42d87b8a5b9bc892eb3\">Mise \u00e0 niveau ou remplacement d'appareils<\/li>\n\n\n\n<li class=\"has-white-color has-text-color has-link-color wp-elements-f592d3faecb75ca33bbd94f0f16b120d\">Individuelle \u00abBusiness Review Meetings\u00bb<\/li>\n<\/ul>\n<\/div>\n\n\n\n<div class=\"wp-block-column is-layout-flow wp-block-column-is-layout-flow\" style=\"flex-basis:66.66%\">\n<figure class=\"wp-block-image size-full\"><img loading=\"lazy\" decoding=\"async\" width=\"2000\" height=\"1333\" src=\"https:\/\/www.leuag.ch\/wp-content\/uploads\/2025\/08\/Betrieb_Leuag_Online-3.jpg\" alt=\"\" class=\"wp-image-2006\" srcset=\"https:\/\/www.leuag.ch\/wp-content\/uploads\/2025\/08\/Betrieb_Leuag_Online-3.jpg 2000w, https:\/\/www.leuag.ch\/wp-content\/uploads\/2025\/08\/Betrieb_Leuag_Online-3-300x200.jpg 300w, https:\/\/www.leuag.ch\/wp-content\/uploads\/2025\/08\/Betrieb_Leuag_Online-3-1024x682.jpg 1024w, https:\/\/www.leuag.ch\/wp-content\/uploads\/2025\/08\/Betrieb_Leuag_Online-3-768x512.jpg 768w, https:\/\/www.leuag.ch\/wp-content\/uploads\/2025\/08\/Betrieb_Leuag_Online-3-1536x1024.jpg 1536w, https:\/\/www.leuag.ch\/wp-content\/uploads\/2025\/08\/Betrieb_Leuag_Online-3-18x12.jpg 18w\" sizes=\"auto, (max-width: 2000px) 100vw, 2000px\" \/><\/figure>\n<\/div>\n<\/div>\n\n\n\n<div style=\"height:30px\" aria-hidden=\"true\" class=\"wp-block-spacer\"><\/div>\n<\/div><\/div>\n\n\n\n<div class=\"wp-block-group alignwide\"><div class=\"wp-block-group__inner-container is-layout-constrained wp-block-group-is-layout-constrained\">\n<h2 class=\"wp-block-heading\">Installation et formation<\/h2>\n\n\n\n<div class=\"wp-block-columns is-layout-flex wp-container-core-columns-is-layout-9d6595d7 wp-block-columns-is-layout-flex\">\n<div class=\"wp-block-column is-layout-flow wp-block-column-is-layout-flow\" style=\"flex-basis:66.66%\">\n<figure class=\"wp-block-image size-full\"><img loading=\"lazy\" decoding=\"async\" width=\"1959\" height=\"1385\" src=\"https:\/\/www.leuag.ch\/wp-content\/uploads\/2025\/05\/Bild15.png\" alt=\"\" class=\"wp-image-1314\" srcset=\"https:\/\/www.leuag.ch\/wp-content\/uploads\/2025\/05\/Bild15.png 1959w, https:\/\/www.leuag.ch\/wp-content\/uploads\/2025\/05\/Bild15-300x212.png 300w, https:\/\/www.leuag.ch\/wp-content\/uploads\/2025\/05\/Bild15-1024x724.png 1024w, https:\/\/www.leuag.ch\/wp-content\/uploads\/2025\/05\/Bild15-768x543.png 768w, https:\/\/www.leuag.ch\/wp-content\/uploads\/2025\/05\/Bild15-1536x1086.png 1536w\" sizes=\"auto, (max-width: 1959px) 100vw, 1959px\" \/><\/figure>\n<\/div>\n\n\n\n<div class=\"wp-block-column has-red-background-color has-background is-layout-flow wp-block-column-is-layout-flow\" style=\"flex-basis:33.33%\"><div class=\"wp-block-image is-style-default\">\n<figure class=\"aligncenter size-large is-resized\"><img loading=\"lazy\" decoding=\"async\" width=\"313\" height=\"313\" src=\"https:\/\/www.leuag.ch\/wp-content\/uploads\/2025\/05\/Installation-Schulung_Pikto3.svg\" alt=\"\" class=\"wp-image-1271\" style=\"width:150px\"\/><\/figure>\n<\/div>\n\n\n<p class=\"has-white-color has-text-color has-link-color wp-elements-f5a1ee9c0c247d910674df9cd930625d\">Nous offrons la garantie d'une installation professionnelle de l'\u00e9quipement acquis et nous nous assurons que vous puissiez utiliser votre acquisition rapidement et efficacement.<\/p>\n\n\n\n<ul class=\"wp-block-list\">\n<li class=\"has-white-color has-text-color has-link-color wp-elements-e584b1cf2a26c5e050f21c7a73681f1f\">Coordination globale pour le montage et l'installation<\/li>\n\n\n\n<li class=\"has-white-color has-text-color has-link-color wp-elements-efa9bc7950b1eb76983a8e9930769f2e\">Mise en service<\/li>\n\n\n\n<li class=\"has-white-color has-text-color has-link-color wp-elements-22871250d79eef2398b2b537dc1962d9\">Formations pour les utilisateurs<\/li>\n\n\n\n<li class=\"has-white-color has-text-color has-link-color wp-elements-767a80fb92af39baa40325e7e8d47f98\">Formations d'approfondissement et de suivi&nbsp;<\/li>\n\n\n\n<li class=\"has-white-color has-text-color has-link-color wp-elements-a78a2106fa2ab68442fb779a34bff69d\">Formations th\u00e9matiques, par ex. radioprotection<\/li>\n<\/ul>\n<\/div>\n<\/div>\n\n\n\n<div style=\"height:30px\" aria-hidden=\"true\" class=\"wp-block-spacer\"><\/div>\n<\/div><\/div>\n\n\n\n<div class=\"wp-block-group alignwide\"><div class=\"wp-block-group__inner-container is-layout-constrained wp-block-group-is-layout-constrained\">\n<h2 class=\"wp-block-heading\">Maintenance et assistance<\/h2>\n\n\n\n<div class=\"wp-block-columns is-layout-flex wp-container-core-columns-is-layout-9d6595d7 wp-block-columns-is-layout-flex\">\n<div class=\"wp-block-column has-red-background-color has-background is-layout-flow wp-block-column-is-layout-flow\" style=\"flex-basis:33.33%\"><div class=\"wp-block-image is-style-default\">\n<figure class=\"aligncenter size-large is-resized\"><img loading=\"lazy\" decoding=\"async\" width=\"323\" height=\"323\" src=\"https:\/\/www.leuag.ch\/wp-content\/uploads\/2025\/05\/WartungSupport_Pikto.svg\" alt=\"\" class=\"wp-image-1259\" style=\"width:150px\"\/><\/figure>\n<\/div>\n\n\n<p class=\"has-white-color has-text-color has-link-color wp-elements-4149e01a8c5b12032892d37d367de34f\">Nous proposons diff\u00e9rentes possibilit\u00e9s pour assurer la valeur de votre investissement. Le transport s\u00e9curis\u00e9 et les r\u00e9installations font \u00e9galement partie de nos comp\u00e9tences.<\/p>\n\n\n\n<ul class=\"wp-block-list\">\n<li class=\"has-white-color has-text-color has-link-color wp-elements-d405ca4bd81bc12c0e846204acb78478\">Concepts de maintenance et entretiens r\u00e9guliers<\/li>\n\n\n\n<li class=\"has-white-color has-text-color has-link-color wp-elements-be13d3d386cde1f37e3292484d5e5f24\">Num\u00e9ro de service local Leuag directement vers le sp\u00e9cialiste<\/li>\n\n\n\n<li class=\"has-white-color has-text-color has-link-color wp-elements-b2b44bb2d028bfb0c7f1793f147fb735\">R\u00e9parations et pi\u00e8ces de rechange<\/li>\n<\/ul>\n<\/div>\n\n\n\n<div class=\"wp-block-column is-layout-flow wp-block-column-is-layout-flow\" style=\"flex-basis:66.66%\">\n<figure class=\"wp-block-image size-full\"><img loading=\"lazy\" decoding=\"async\" width=\"1575\" height=\"1081\" src=\"https:\/\/www.leuag.ch\/wp-content\/uploads\/2025\/05\/WartungSupport_1.png\" alt=\"\" class=\"wp-image-1260\" srcset=\"https:\/\/www.leuag.ch\/wp-content\/uploads\/2025\/05\/WartungSupport_1.png 1575w, https:\/\/www.leuag.ch\/wp-content\/uploads\/2025\/05\/WartungSupport_1-300x206.png 300w, https:\/\/www.leuag.ch\/wp-content\/uploads\/2025\/05\/WartungSupport_1-1024x703.png 1024w, https:\/\/www.leuag.ch\/wp-content\/uploads\/2025\/05\/WartungSupport_1-768x527.png 768w, https:\/\/www.leuag.ch\/wp-content\/uploads\/2025\/05\/WartungSupport_1-1536x1054.png 1536w\" sizes=\"auto, (max-width: 1575px) 100vw, 1575px\" \/><\/figure>\n<\/div>\n<\/div>\n\n\n\n<div style=\"height:80px\" aria-hidden=\"true\" class=\"wp-block-spacer\"><\/div>\n\n\n\n<div class=\"wp-block-columns alignwide is-layout-flex wp-container-core-columns-is-layout-9d6595d7 wp-block-columns-is-layout-flex\">\n<div class=\"wp-block-column is-layout-flow wp-block-column-is-layout-flow\">\n<h2 class=\"wp-block-heading\">Notre organisation de service<\/h2>\n\n\n\n<p>Vous cherchez une solution \u00e0 votre probl\u00e8me concret ? Contactez nous !<\/p>\n\n\n\n<p>Le service apr\u00e8s-vente est divis\u00e9 en trois d\u00e9partements, chacun \u00e9tant charg\u00e9 des produits suivants :<\/p>\n<\/div>\n<\/div>\n\n\n\n<div class=\"wp-block-columns alignwide is-layout-flex wp-container-core-columns-is-layout-9d6595d7 wp-block-columns-is-layout-flex\">\n<div class=\"wp-block-column is-layout-flow wp-block-column-is-layout-flow\">\n<h3 class=\"wp-block-heading\">Surveillance des patients<\/h3>\n\n\n\n<p><a href=\"mailto:monitoring_service@leuag.ch\">monitoring_service(at)leuag.ch<\/a><\/p>\n\n\n\n<ul class=\"wp-block-list\">\n<li>Bluepoint<\/li>\n\n\n\n<li>Neurosense<\/li>\n\n\n\n<li>Nihon Kohden<\/li>\n\n\n\n<li>Safewarm\/Medwarm<\/li>\n\n\n\n<li>Senzime\/Tetragraph<\/li>\n\n\n\n<li>Spacelabs<\/li>\n\n\n\n<li>Vitacon<\/li>\n<\/ul>\n<\/div>\n\n\n\n<div class=\"wp-block-column is-layout-flow wp-block-column-is-layout-flow\">\n\n\n<h3 class=\"wp-block-heading\">Arceaux chirurgicaux mobiles<\/h3>\n\n\n\n<p><a href=\"mailto:ziehm_service@leuag.ch\">ziehm_service(at)leuag.ch<\/a><\/p>\n\n\n\n<ul class=\"wp-block-list\">\n<li>Orthoscan<\/li>\n\n\n\n<li>Ziehm Imaging<\/li>\n<\/ul>\n<\/div>\n\n\n\n<div class=\"wp-block-column is-layout-flow wp-block-column-is-layout-flow\">\n<h3 class=\"wp-block-heading\">Diagnostic<\/h3>\n\n\n\n<p><a href=\"mailto:diagnostik_service@leuag.ch\">diagnostik_service(at)leuag.ch<\/a><\/p>\n\n\n\n<ul class=\"wp-block-list\">\n<li>Canon<\/li>\n\n\n\n<li>EOS<\/li>\n\n\n\n<li>Planmed<\/li>\n<\/ul>\n<\/div>\n<\/div>\n\n\n\n<div style=\"height:30px\" aria-hidden=\"true\" class=\"wp-block-spacer\"><\/div>\n\n\n\n<div class=\"wp-block-columns alignwide is-layout-flex wp-container-core-columns-is-layout-9d6595d7 wp-block-columns-is-layout-flex\">\n<div class=\"wp-block-column is-layout-flow wp-block-column-is-layout-flow\">\n<p>Vous trouverez de plus amples informations sur la mani\u00e8re de nous contacter <a href=\"https:\/\/www.leuag.ch\/fr\/ueber-uns\/standorte\/\">sur ce site<\/a>.<\/p>\n<\/div>\n<\/div>\n\n\n\n<div style=\"height:120px\" aria-hidden=\"true\" class=\"wp-block-spacer\"><\/div>\n<\/div><\/div>","protected":false},"excerpt":{"rendered":"<p>Unser Service dient der optimalen Nutzung und Werterhaltung Ihrer Anlage. Wir gehen keine Kompromisse ein. Alle unsere Servicetechniker und das Applikationspersonal werden zus\u00e4tzlich zu ihrer Fachausbildung durch unsere Lieferanten auf den von uns vertriebenen Anlagen\/Ger\u00e4ten geschult. Beratung Ein unverbindliches Beratungsgespr\u00e4ch kann der Beginn einer Partnerschaft sein. Bei folgenden Themen unterst\u00fctzen wir Sie: Installation und Schulung [&hellip;]<\/p>","protected":false},"author":1,"featured_media":0,"parent":33,"menu_order":0,"comment_status":"closed","ping_status":"closed","template":"","meta":{"inline_featured_image":false,"footnotes":""},"class_list":["post-586","page","type-page","status-publish","hentry"],"yoast_head":"<!-- This site is optimized with the Yoast SEO plugin v26.6 - https:\/\/yoast.com\/wordpress\/plugins\/seo\/ -->\n<title>Unser Angebot - Leuag AG<\/title>\n<meta name=\"robots\" content=\"index, follow, max-snippet:-1, max-image-preview:large, max-video-preview:-1\" \/>\n<link rel=\"canonical\" href=\"https:\/\/www.leuag.ch\/fr\/dienstleistungen\/unser-angebot\/\" \/>\n<meta property=\"og:locale\" content=\"fr_FR\" \/>\n<meta property=\"og:type\" content=\"article\" \/>\n<meta property=\"og:title\" content=\"Unser Angebot - Leuag AG\" \/>\n<meta property=\"og:description\" content=\"Unser Service dient der optimalen Nutzung und Werterhaltung Ihrer Anlage. Wir gehen keine Kompromisse ein. Alle unsere Servicetechniker und das Applikationspersonal werden zus\u00e4tzlich zu ihrer Fachausbildung durch unsere Lieferanten auf den von uns vertriebenen Anlagen\/Ger\u00e4ten geschult. Beratung Ein unverbindliches Beratungsgespr\u00e4ch kann der Beginn einer Partnerschaft sein. Bei folgenden Themen unterst\u00fctzen wir Sie: Installation und Schulung [&hellip;]\" \/>\n<meta property=\"og:url\" content=\"https:\/\/www.leuag.ch\/fr\/dienstleistungen\/unser-angebot\/\" \/>\n<meta property=\"og:site_name\" content=\"Leuag AG\" \/>\n<meta property=\"article:modified_time\" content=\"2025-11-19T09:01:16+00:00\" \/>\n<meta name=\"twitter:card\" content=\"summary_large_image\" \/>\n<meta name=\"twitter:label1\" content=\"Dur\u00e9e de lecture estim\u00e9e\" \/>\n\t<meta name=\"twitter:data1\" content=\"3 minutes\" \/>\n<script type=\"application\/ld+json\" class=\"yoast-schema-graph\">{\"@context\":\"https:\/\/schema.org\",\"@graph\":[{\"@type\":\"WebPage\",\"@id\":\"https:\/\/www.leuag.ch\/dienstleistungen\/unser-angebot\/\",\"url\":\"https:\/\/www.leuag.ch\/dienstleistungen\/unser-angebot\/\",\"name\":\"Unser Angebot - Leuag AG\",\"isPartOf\":{\"@id\":\"https:\/\/www.leuag.ch\/#website\"},\"primaryImageOfPage\":{\"@id\":\"https:\/\/www.leuag.ch\/dienstleistungen\/unser-angebot\/#primaryimage\"},\"image\":{\"@id\":\"https:\/\/www.leuag.ch\/dienstleistungen\/unser-angebot\/#primaryimage\"},\"thumbnailUrl\":\"https:\/\/www.leuag.ch\/wp-content\/uploads\/2025\/05\/Beratung-Pikto1.svg\",\"datePublished\":\"2025-03-07T09:28:47+00:00\",\"dateModified\":\"2025-11-19T09:01:16+00:00\",\"breadcrumb\":{\"@id\":\"https:\/\/www.leuag.ch\/dienstleistungen\/unser-angebot\/#breadcrumb\"},\"inLanguage\":\"fr-FR\",\"potentialAction\":[{\"@type\":\"ReadAction\",\"target\":[\"https:\/\/www.leuag.ch\/dienstleistungen\/unser-angebot\/\"]}]},{\"@type\":\"ImageObject\",\"inLanguage\":\"fr-FR\",\"@id\":\"https:\/\/www.leuag.ch\/dienstleistungen\/unser-angebot\/#primaryimage\",\"url\":\"https:\/\/www.leuag.ch\/wp-content\/uploads\/2025\/05\/Beratung-Pikto1.svg\",\"contentUrl\":\"https:\/\/www.leuag.ch\/wp-content\/uploads\/2025\/05\/Beratung-Pikto1.svg\"},{\"@type\":\"BreadcrumbList\",\"@id\":\"https:\/\/www.leuag.ch\/dienstleistungen\/unser-angebot\/#breadcrumb\",\"itemListElement\":[{\"@type\":\"ListItem\",\"position\":1,\"name\":\"Leuag\",\"item\":\"https:\/\/www.leuag.ch\/\"},{\"@type\":\"ListItem\",\"position\":2,\"name\":\"Service\",\"item\":\"https:\/\/www.leuag.ch\/dienstleistungen\/\"},{\"@type\":\"ListItem\",\"position\":3,\"name\":\"Unser Angebot\"}]},{\"@type\":\"WebSite\",\"@id\":\"https:\/\/www.leuag.ch\/#website\",\"url\":\"https:\/\/www.leuag.ch\/\",\"name\":\"Leuag AG\",\"description\":\"\",\"publisher\":{\"@id\":\"https:\/\/www.leuag.ch\/#organization\"},\"potentialAction\":[{\"@type\":\"SearchAction\",\"target\":{\"@type\":\"EntryPoint\",\"urlTemplate\":\"https:\/\/www.leuag.ch\/?s={search_term_string}\"},\"query-input\":{\"@type\":\"PropertyValueSpecification\",\"valueRequired\":true,\"valueName\":\"search_term_string\"}}],\"inLanguage\":\"fr-FR\"},{\"@type\":\"Organization\",\"@id\":\"https:\/\/www.leuag.ch\/#organization\",\"name\":\"Leuag AG\",\"url\":\"https:\/\/www.leuag.ch\/\",\"logo\":{\"@type\":\"ImageObject\",\"inLanguage\":\"fr-FR\",\"@id\":\"https:\/\/www.leuag.ch\/#\/schema\/logo\/image\/\",\"url\":\"https:\/\/www.leuag.ch\/wp-content\/uploads\/2025\/06\/leuag-logo.svg\",\"contentUrl\":\"https:\/\/www.leuag.ch\/wp-content\/uploads\/2025\/06\/leuag-logo.svg\",\"width\":565,\"height\":272,\"caption\":\"Leuag AG\"},\"image\":{\"@id\":\"https:\/\/www.leuag.ch\/#\/schema\/logo\/image\/\"}}]}<\/script>\n<!-- \/ Yoast SEO plugin. -->","yoast_head_json":{"title":"Notre offre - Leuag SA","robots":{"index":"index","follow":"follow","max-snippet":"max-snippet:-1","max-image-preview":"max-image-preview:large","max-video-preview":"max-video-preview:-1"},"canonical":"https:\/\/www.leuag.ch\/fr\/dienstleistungen\/unser-angebot\/","og_locale":"fr_FR","og_type":"article","og_title":"Unser Angebot - Leuag AG","og_description":"Unser Service dient der optimalen Nutzung und Werterhaltung Ihrer Anlage. Wir gehen keine Kompromisse ein. Alle unsere Servicetechniker und das Applikationspersonal werden zus\u00e4tzlich zu ihrer Fachausbildung durch unsere Lieferanten auf den von uns vertriebenen Anlagen\/Ger\u00e4ten geschult. Beratung Ein unverbindliches Beratungsgespr\u00e4ch kann der Beginn einer Partnerschaft sein. Bei folgenden Themen unterst\u00fctzen wir Sie: Installation und Schulung [&hellip;]","og_url":"https:\/\/www.leuag.ch\/fr\/dienstleistungen\/unser-angebot\/","og_site_name":"Leuag AG","article_modified_time":"2025-11-19T09:01:16+00:00","twitter_card":"summary_large_image","twitter_misc":{"Dur\u00e9e de lecture estim\u00e9e":"3 minutes"},"schema":{"@context":"https:\/\/schema.org","@graph":[{"@type":"WebPage","@id":"https:\/\/www.leuag.ch\/dienstleistungen\/unser-angebot\/","url":"https:\/\/www.leuag.ch\/dienstleistungen\/unser-angebot\/","name":"Notre offre - Leuag SA","isPartOf":{"@id":"https:\/\/www.leuag.ch\/#website"},"primaryImageOfPage":{"@id":"https:\/\/www.leuag.ch\/dienstleistungen\/unser-angebot\/#primaryimage"},"image":{"@id":"https:\/\/www.leuag.ch\/dienstleistungen\/unser-angebot\/#primaryimage"},"thumbnailUrl":"https:\/\/www.leuag.ch\/wp-content\/uploads\/2025\/05\/Beratung-Pikto1.svg","datePublished":"2025-03-07T09:28:47+00:00","dateModified":"2025-11-19T09:01:16+00:00","breadcrumb":{"@id":"https:\/\/www.leuag.ch\/dienstleistungen\/unser-angebot\/#breadcrumb"},"inLanguage":"fr-FR","potentialAction":[{"@type":"ReadAction","target":["https:\/\/www.leuag.ch\/dienstleistungen\/unser-angebot\/"]}]},{"@type":"ImageObject","inLanguage":"fr-FR","@id":"https:\/\/www.leuag.ch\/dienstleistungen\/unser-angebot\/#primaryimage","url":"https:\/\/www.leuag.ch\/wp-content\/uploads\/2025\/05\/Beratung-Pikto1.svg","contentUrl":"https:\/\/www.leuag.ch\/wp-content\/uploads\/2025\/05\/Beratung-Pikto1.svg"},{"@type":"BreadcrumbList","@id":"https:\/\/www.leuag.ch\/dienstleistungen\/unser-angebot\/#breadcrumb","itemListElement":[{"@type":"ListItem","position":1,"name":"Leuag","item":"https:\/\/www.leuag.ch\/"},{"@type":"ListItem","position":2,"name":"Service","item":"https:\/\/www.leuag.ch\/dienstleistungen\/"},{"@type":"ListItem","position":3,"name":"Unser Angebot"}]},{"@type":"WebSite","@id":"https:\/\/www.leuag.ch\/#website","url":"https:\/\/www.leuag.ch\/","name":"Leuag SA","description":"","publisher":{"@id":"https:\/\/www.leuag.ch\/#organization"},"potentialAction":[{"@type":"SearchAction","target":{"@type":"EntryPoint","urlTemplate":"https:\/\/www.leuag.ch\/?s={search_term_string}"},"query-input":{"@type":"PropertyValueSpecification","valueRequired":true,"valueName":"search_term_string"}}],"inLanguage":"fr-FR"},{"@type":"Organization","@id":"https:\/\/www.leuag.ch\/#organization","name":"Leuag SA","url":"https:\/\/www.leuag.ch\/","logo":{"@type":"ImageObject","inLanguage":"fr-FR","@id":"https:\/\/www.leuag.ch\/#\/schema\/logo\/image\/","url":"https:\/\/www.leuag.ch\/wp-content\/uploads\/2025\/06\/leuag-logo.svg","contentUrl":"https:\/\/www.leuag.ch\/wp-content\/uploads\/2025\/06\/leuag-logo.svg","width":565,"height":272,"caption":"Leuag AG"},"image":{"@id":"https:\/\/www.leuag.ch\/#\/schema\/logo\/image\/"}}]}},"_links":{"self":[{"href":"https:\/\/www.leuag.ch\/fr\/wp-json\/wp\/v2\/pages\/586","targetHints":{"allow":["GET"]}}],"collection":[{"href":"https:\/\/www.leuag.ch\/fr\/wp-json\/wp\/v2\/pages"}],"about":[{"href":"https:\/\/www.leuag.ch\/fr\/wp-json\/wp\/v2\/types\/page"}],"author":[{"embeddable":true,"href":"https:\/\/www.leuag.ch\/fr\/wp-json\/wp\/v2\/users\/1"}],"replies":[{"embeddable":true,"href":"https:\/\/www.leuag.ch\/fr\/wp-json\/wp\/v2\/comments?post=586"}],"version-history":[{"count":60,"href":"https:\/\/www.leuag.ch\/fr\/wp-json\/wp\/v2\/pages\/586\/revisions"}],"predecessor-version":[{"id":2759,"href":"https:\/\/www.leuag.ch\/fr\/wp-json\/wp\/v2\/pages\/586\/revisions\/2759"}],"up":[{"embeddable":true,"href":"https:\/\/www.leuag.ch\/fr\/wp-json\/wp\/v2\/pages\/33"}],"wp:attachment":[{"href":"https:\/\/www.leuag.ch\/fr\/wp-json\/wp\/v2\/media?parent=586"}],"curies":[{"name":"wp","href":"https:\/\/api.w.org\/{rel}","templated":true}]}}