{"id":601,"date":"2025-03-10T14:47:58","date_gmt":"2025-03-10T13:47:58","guid":{"rendered":"https:\/\/www.leuag.ch\/?page_id=601"},"modified":"2025-11-05T16:21:35","modified_gmt":"2025-11-05T15:21:35","slug":"standorte","status":"publish","type":"page","link":"https:\/\/www.leuag.ch\/fr\/ueber-uns\/standorte\/","title":{"rendered":"Contact"},"content":{"rendered":"<div class=\"wp-block-columns alignwide is-layout-flex wp-container-core-columns-is-layout-9d6595d7 wp-block-columns-is-layout-flex\">\n<div class=\"wp-block-column is-layout-flow wp-block-column-is-layout-flow\">\n<p><strong>Leuag SA<\/strong><br>Industriestrasse 21<br>CH \u2013 6055 Alpnach Dorf<br>Tel. +<a href=\"tel:+41416188100\">41 (0)41 618 81 00<\/a><br><a href=\"mailto:info@leuag.ch\">info(at)leuag.ch<\/a><\/p>\n<\/div>\n\n\n\n<div class=\"wp-block-column is-layout-flow wp-block-column-is-layout-flow\">\n<p><strong>Leuag SA<\/strong><br>Chemin des Cond\u00e9mines 2<br>CH &#8211; 1071 Chexbres<br>Tel. <a href=\"tel:+41219464300\">+41 (0)21 946 43 00<\/a><br><a href=\"mailto:info@leuag.ch\">info(at)leuag.ch<\/a><\/p>\n<\/div>\n<\/div>\n\n\n\n<div class=\"wp-block-columns alignwide is-layout-flex wp-container-core-columns-is-layout-9d6595d7 wp-block-columns-is-layout-flex\">\n<div class=\"wp-block-column is-layout-flow wp-block-column-is-layout-flow\">\n<iframe loading=\"lazy\" style=\"border: 0;\" src=\"https:\/\/www.google.com\/maps\/embed?pb=!1m18!1m12!1m3!1d174274.72869144444!2d8.192608471341662!3d46.96085230960801!2m3!1f0!2f0!3f0!3m2!1i1024!2i768!4f13.1!3m3!1m2!1s0x478ff10c59643333%3A0xd3444a63262450af!2sIndustriestrasse+21%2C+6055+Alpnach+Dorf!5e0!3m2!1sde!2sch!4v1474619217374\" width=\"600\" height=\"350\" frameborder=\"0\" allowfullscreen=\"allowfullscreen\"><\/iframe>\n<\/div>\n\n\n\n<div class=\"wp-block-column is-layout-flow wp-block-column-is-layout-flow\">\n<iframe loading=\"lazy\" style=\"border: 0;\" src=\"https:\/\/www.google.com\/maps\/embed?pb=!1m18!1m12!1m3!1d209312.90172667705!2d6.727897725806411!3d46.42563732893493!2m3!1f0!2f0!3f0!3m2!1i1024!2i768!4f13.1!3m3!1m2!1s0x478c2816c15fd7d9%3A0x5e41330425c74520!2sChemin+des+Cond%C3%A9mines+2%2C+1071+Chexbres!5e0!3m2!1sde!2sch!4v1484556965770\" width=\"600\" height=\"350\" frameborder=\"0\" allowfullscreen=\"allowfullscreen\"><\/iframe>\n<\/div>\n<\/div>\n\n\n\n<div style=\"height:50px\" aria-hidden=\"true\" class=\"wp-block-spacer\"><\/div>\n\n\n\n<div class=\"wp-block-columns alignwide is-layout-flex wp-container-core-columns-is-layout-9d6595d7 wp-block-columns-is-layout-flex\">\n<div class=\"wp-block-column is-layout-flow wp-block-column-is-layout-flow\">\n<h2 class=\"wp-block-heading\">Mail pour service<\/h2>\n\n\n\n<p>Vous pouvez nous contacter pour des questions sp\u00e9cifiques \u00e0 un produit \u00e0 l'aide des adresses e-mail suivantes. Le service apr\u00e8s-vente est divis\u00e9 en trois d\u00e9partements, chacun \u00e9tant charg\u00e9 des produits suivants :<\/p>\n<\/div>\n<\/div>\n\n\n\n<div class=\"wp-block-columns alignwide is-layout-flex wp-container-core-columns-is-layout-9d6595d7 wp-block-columns-is-layout-flex\">\n<div class=\"wp-block-column is-layout-flow wp-block-column-is-layout-flow\">\n<h3 class=\"wp-block-heading\">Surveillance des patients<\/h3>\n\n\n\n<p><a href=\"mailto:monitoring_service@leuag.ch\">monitoring_service(at)leuag.ch<\/a><\/p>\n\n\n\n<ul class=\"wp-block-list\">\n<li>Bluepoint<\/li>\n\n\n\n<li>Neurosense<\/li>\n\n\n\n<li>Nihon Kohden<\/li>\n\n\n\n<li>Safewarm\/Medwarm<\/li>\n\n\n\n<li>Senzime\/Tetragraph<\/li>\n\n\n\n<li>Spacelabs<\/li>\n\n\n\n<li>Vitacon<\/li>\n<\/ul>\n<\/div>\n\n\n\n<div class=\"wp-block-column is-layout-flow wp-block-column-is-layout-flow\">\n\n\n<h3 class=\"wp-block-heading\">Arceaux chirurgicaux mobiles<\/h3>\n\n\n\n<p><a href=\"mailto:ziehm_service(at)leuag.ch\">ziehm_service(at)leuag.ch<\/a><\/p>\n\n\n\n<ul class=\"wp-block-list\">\n<li>Orthoscan<\/li>\n\n\n\n<li>Ziehm Imaging<\/li>\n<\/ul>\n<\/div>\n\n\n\n<div class=\"wp-block-column is-layout-flow wp-block-column-is-layout-flow\">\n<h3 class=\"wp-block-heading\">Diagnostic<\/h3>\n\n\n\n<p><a href=\"mailto:diagnostik_service(at)leuag.ch\">diagnostik_service(at)leuag.ch<\/a><\/p>\n\n\n\n<ul class=\"wp-block-list\">\n<li>Canon<\/li>\n\n\n\n<li>EOS<\/li>\n\n\n\n<li>Planmed<\/li>\n<\/ul>\n<\/div>\n<\/div>\n\n\n\n<div style=\"height:25px\" aria-hidden=\"true\" class=\"wp-block-spacer\"><\/div>\n\n\n\n<div class=\"wp-block-columns alignwide is-layout-flex wp-container-core-columns-is-layout-9d6595d7 wp-block-columns-is-layout-flex\"><\/div>\n\n\n\n<div class=\"wp-block-columns alignwide is-layout-flex wp-container-core-columns-is-layout-9d6595d7 wp-block-columns-is-layout-flex\">\n<div class=\"wp-block-column is-layout-flow wp-block-column-is-layout-flow\">\n<h2 class=\"wp-block-heading\">\u00c9quipe<\/h2>\n\n\n\n<p>Vous trouverez les adresses e-mail personnelles de tous les collaborateurs <a href=\"https:\/\/www.leuag.ch\/fr\/ueber-uns\/team\/\">sur ce site<\/a>.<\/p>\n<\/div>\n<\/div>\n\n\n\n<div style=\"height:100px\" aria-hidden=\"true\" class=\"wp-block-spacer\"><\/div>","protected":false},"excerpt":{"rendered":"<p>Leuag AGIndustriestrasse 21CH \u2013 6055 Alpnach DorfTel. +41 (0)41 618 81 00info(at)leuag.ch Leuag SAChemin des Cond\u00e9mines 2CH &#8211; 1071 ChexbresTel. +41 (0)21 946 43 00info(at)leuag.ch Service-Mail Die Kontaktaufnahme ist produktspezifisch \u00fcber folgende E-Mail-Adressen m\u00f6glich. Die Service-Organisation ist unterteilt in drei Abteilungen mit den folgenden zugeteilten Produkten: Patienten\u00fcberwachung monitoring_service(at)leuag.ch ABC ziehm_service(at)leuag.ch Diagnostik diagnostik_service(at)leuag.ch Team Die pers\u00f6nlichen [&hellip;]<\/p>","protected":false},"author":1,"featured_media":0,"parent":10,"menu_order":0,"comment_status":"closed","ping_status":"closed","template":"","meta":{"inline_featured_image":false,"footnotes":""},"class_list":["post-601","page","type-page","status-publish","hentry"],"yoast_head":"<!-- This site is optimized with the Yoast SEO plugin v26.6 - https:\/\/yoast.com\/wordpress\/plugins\/seo\/ -->\n<title>Kontakt - Leuag AG<\/title>\n<meta name=\"robots\" content=\"index, follow, max-snippet:-1, max-image-preview:large, max-video-preview:-1\" \/>\n<link rel=\"canonical\" href=\"https:\/\/www.leuag.ch\/fr\/ueber-uns\/standorte\/\" \/>\n<meta property=\"og:locale\" content=\"fr_FR\" \/>\n<meta property=\"og:type\" content=\"article\" \/>\n<meta property=\"og:title\" content=\"Kontakt - Leuag AG\" \/>\n<meta property=\"og:description\" content=\"Leuag AGIndustriestrasse 21CH \u2013 6055 Alpnach DorfTel. +41 (0)41 618 81 00info(at)leuag.ch Leuag SAChemin des Cond\u00e9mines 2CH &#8211; 1071 ChexbresTel. +41 (0)21 946 43 00info(at)leuag.ch Service-Mail Die Kontaktaufnahme ist produktspezifisch \u00fcber folgende E-Mail-Adressen m\u00f6glich. Die Service-Organisation ist unterteilt in drei Abteilungen mit den folgenden zugeteilten Produkten: Patienten\u00fcberwachung monitoring_service(at)leuag.ch ABC ziehm_service(at)leuag.ch Diagnostik diagnostik_service(at)leuag.ch Team Die pers\u00f6nlichen [&hellip;]\" \/>\n<meta property=\"og:url\" content=\"https:\/\/www.leuag.ch\/fr\/ueber-uns\/standorte\/\" \/>\n<meta property=\"og:site_name\" content=\"Leuag AG\" \/>\n<meta property=\"article:modified_time\" content=\"2025-11-05T15:21:35+00:00\" \/>\n<meta name=\"twitter:card\" content=\"summary_large_image\" \/>\n<meta name=\"twitter:label1\" content=\"Dur\u00e9e de lecture estim\u00e9e\" \/>\n\t<meta name=\"twitter:data1\" content=\"1 minute\" \/>\n<script type=\"application\/ld+json\" class=\"yoast-schema-graph\">{\"@context\":\"https:\/\/schema.org\",\"@graph\":[{\"@type\":\"WebPage\",\"@id\":\"https:\/\/www.leuag.ch\/ueber-uns\/standorte\/\",\"url\":\"https:\/\/www.leuag.ch\/ueber-uns\/standorte\/\",\"name\":\"Kontakt - Leuag AG\",\"isPartOf\":{\"@id\":\"https:\/\/www.leuag.ch\/#website\"},\"datePublished\":\"2025-03-10T13:47:58+00:00\",\"dateModified\":\"2025-11-05T15:21:35+00:00\",\"breadcrumb\":{\"@id\":\"https:\/\/www.leuag.ch\/ueber-uns\/standorte\/#breadcrumb\"},\"inLanguage\":\"fr-FR\",\"potentialAction\":[{\"@type\":\"ReadAction\",\"target\":[\"https:\/\/www.leuag.ch\/ueber-uns\/standorte\/\"]}]},{\"@type\":\"BreadcrumbList\",\"@id\":\"https:\/\/www.leuag.ch\/ueber-uns\/standorte\/#breadcrumb\",\"itemListElement\":[{\"@type\":\"ListItem\",\"position\":1,\"name\":\"Leuag\",\"item\":\"https:\/\/www.leuag.ch\/\"},{\"@type\":\"ListItem\",\"position\":2,\"name\":\"\u00dcber uns\",\"item\":\"https:\/\/www.leuag.ch\/ueber-uns\/\"},{\"@type\":\"ListItem\",\"position\":3,\"name\":\"Kontakt\"}]},{\"@type\":\"WebSite\",\"@id\":\"https:\/\/www.leuag.ch\/#website\",\"url\":\"https:\/\/www.leuag.ch\/\",\"name\":\"Leuag AG\",\"description\":\"\",\"publisher\":{\"@id\":\"https:\/\/www.leuag.ch\/#organization\"},\"potentialAction\":[{\"@type\":\"SearchAction\",\"target\":{\"@type\":\"EntryPoint\",\"urlTemplate\":\"https:\/\/www.leuag.ch\/?s={search_term_string}\"},\"query-input\":{\"@type\":\"PropertyValueSpecification\",\"valueRequired\":true,\"valueName\":\"search_term_string\"}}],\"inLanguage\":\"fr-FR\"},{\"@type\":\"Organization\",\"@id\":\"https:\/\/www.leuag.ch\/#organization\",\"name\":\"Leuag AG\",\"url\":\"https:\/\/www.leuag.ch\/\",\"logo\":{\"@type\":\"ImageObject\",\"inLanguage\":\"fr-FR\",\"@id\":\"https:\/\/www.leuag.ch\/#\/schema\/logo\/image\/\",\"url\":\"https:\/\/www.leuag.ch\/wp-content\/uploads\/2025\/06\/leuag-logo.svg\",\"contentUrl\":\"https:\/\/www.leuag.ch\/wp-content\/uploads\/2025\/06\/leuag-logo.svg\",\"width\":565,\"height\":272,\"caption\":\"Leuag AG\"},\"image\":{\"@id\":\"https:\/\/www.leuag.ch\/#\/schema\/logo\/image\/\"}}]}<\/script>\n<!-- \/ Yoast SEO plugin. -->","yoast_head_json":{"title":"Contact","robots":{"index":"index","follow":"follow","max-snippet":"max-snippet:-1","max-image-preview":"max-image-preview:large","max-video-preview":"max-video-preview:-1"},"canonical":"https:\/\/www.leuag.ch\/fr\/ueber-uns\/standorte\/","og_locale":"fr_FR","og_type":"article","og_title":"Kontakt - Leuag AG","og_description":"Leuag AGIndustriestrasse 21CH \u2013 6055 Alpnach DorfTel. +41 (0)41 618 81 00info(at)leuag.ch Leuag SAChemin des Cond\u00e9mines 2CH &#8211; 1071 ChexbresTel. +41 (0)21 946 43 00info(at)leuag.ch Service-Mail Die Kontaktaufnahme ist produktspezifisch \u00fcber folgende E-Mail-Adressen m\u00f6glich. Die Service-Organisation ist unterteilt in drei Abteilungen mit den folgenden zugeteilten Produkten: Patienten\u00fcberwachung monitoring_service(at)leuag.ch ABC ziehm_service(at)leuag.ch Diagnostik diagnostik_service(at)leuag.ch Team Die pers\u00f6nlichen [&hellip;]","og_url":"https:\/\/www.leuag.ch\/fr\/ueber-uns\/standorte\/","og_site_name":"Leuag AG","article_modified_time":"2025-11-05T15:21:35+00:00","twitter_card":"summary_large_image","twitter_misc":{"Dur\u00e9e de lecture estim\u00e9e":"1 minute"},"schema":{"@context":"https:\/\/schema.org","@graph":[{"@type":"WebPage","@id":"https:\/\/www.leuag.ch\/ueber-uns\/standorte\/","url":"https:\/\/www.leuag.ch\/ueber-uns\/standorte\/","name":"Contact","isPartOf":{"@id":"https:\/\/www.leuag.ch\/#website"},"datePublished":"2025-03-10T13:47:58+00:00","dateModified":"2025-11-05T15:21:35+00:00","breadcrumb":{"@id":"https:\/\/www.leuag.ch\/ueber-uns\/standorte\/#breadcrumb"},"inLanguage":"fr-FR","potentialAction":[{"@type":"ReadAction","target":["https:\/\/www.leuag.ch\/ueber-uns\/standorte\/"]}]},{"@type":"BreadcrumbList","@id":"https:\/\/www.leuag.ch\/ueber-uns\/standorte\/#breadcrumb","itemListElement":[{"@type":"ListItem","position":1,"name":"Leuag","item":"https:\/\/www.leuag.ch\/"},{"@type":"ListItem","position":2,"name":"\u00dcber uns","item":"https:\/\/www.leuag.ch\/ueber-uns\/"},{"@type":"ListItem","position":3,"name":"Kontakt"}]},{"@type":"WebSite","@id":"https:\/\/www.leuag.ch\/#website","url":"https:\/\/www.leuag.ch\/","name":"Leuag SA","description":"","publisher":{"@id":"https:\/\/www.leuag.ch\/#organization"},"potentialAction":[{"@type":"SearchAction","target":{"@type":"EntryPoint","urlTemplate":"https:\/\/www.leuag.ch\/?s={search_term_string}"},"query-input":{"@type":"PropertyValueSpecification","valueRequired":true,"valueName":"search_term_string"}}],"inLanguage":"fr-FR"},{"@type":"Organization","@id":"https:\/\/www.leuag.ch\/#organization","name":"Leuag SA","url":"https:\/\/www.leuag.ch\/","logo":{"@type":"ImageObject","inLanguage":"fr-FR","@id":"https:\/\/www.leuag.ch\/#\/schema\/logo\/image\/","url":"https:\/\/www.leuag.ch\/wp-content\/uploads\/2025\/06\/leuag-logo.svg","contentUrl":"https:\/\/www.leuag.ch\/wp-content\/uploads\/2025\/06\/leuag-logo.svg","width":565,"height":272,"caption":"Leuag AG"},"image":{"@id":"https:\/\/www.leuag.ch\/#\/schema\/logo\/image\/"}}]}},"_links":{"self":[{"href":"https:\/\/www.leuag.ch\/fr\/wp-json\/wp\/v2\/pages\/601","targetHints":{"allow":["GET"]}}],"collection":[{"href":"https:\/\/www.leuag.ch\/fr\/wp-json\/wp\/v2\/pages"}],"about":[{"href":"https:\/\/www.leuag.ch\/fr\/wp-json\/wp\/v2\/types\/page"}],"author":[{"embeddable":true,"href":"https:\/\/www.leuag.ch\/fr\/wp-json\/wp\/v2\/users\/1"}],"replies":[{"embeddable":true,"href":"https:\/\/www.leuag.ch\/fr\/wp-json\/wp\/v2\/comments?post=601"}],"version-history":[{"count":36,"href":"https:\/\/www.leuag.ch\/fr\/wp-json\/wp\/v2\/pages\/601\/revisions"}],"predecessor-version":[{"id":2748,"href":"https:\/\/www.leuag.ch\/fr\/wp-json\/wp\/v2\/pages\/601\/revisions\/2748"}],"up":[{"embeddable":true,"href":"https:\/\/www.leuag.ch\/fr\/wp-json\/wp\/v2\/pages\/10"}],"wp:attachment":[{"href":"https:\/\/www.leuag.ch\/fr\/wp-json\/wp\/v2\/media?parent=601"}],"curies":[{"name":"wp","href":"https:\/\/api.w.org\/{rel}","templated":true}]}}